{"id":99,"date":"2024-08-02T22:10:29","date_gmt":"2024-08-02T13:10:29","guid":{"rendered":"https:\/\/solbrasil.co.jp\/wordpress\/?page_id=99"},"modified":"2024-08-13T18:53:17","modified_gmt":"2024-08-13T09:53:17","slug":"como-comprar","status":"publish","type":"page","link":"https:\/\/solbrasil.co.jp\/?page_id=99","title":{"rendered":"PERGUNTAS FREQUENTES"},"content":{"rendered":"\t\t<div data-elementor-type=\"wp-page\" data-elementor-id=\"99\" class=\"elementor elementor-99\">\n\t\t\t\t<div class=\"elementor-element elementor-element-e7ccbf6 e-flex e-con-boxed e-con e-parent\" data-id=\"e7ccbf6\" data-element_type=\"container\">\n\t\t\t\t\t<div class=\"e-con-inner\">\n\t\t<div class=\"elementor-element elementor-element-3feffb8 e-con-full e-flex e-con e-child\" data-id=\"3feffb8\" data-element_type=\"container\">\n\t\t<div class=\"elementor-element elementor-element-b30ed8c e-con-full e-flex e-con e-child\" data-id=\"b30ed8c\" data-element_type=\"container\">\n\t\t<div class=\"elementor-element elementor-element-a0c1185 e-con-full e-flex e-con e-child\" data-id=\"a0c1185\" data-element_type=\"container\">\n\t\t\t\t<div class=\"elementor-element elementor-element-cb9a05b elementor-widget elementor-widget-heading\" data-id=\"cb9a05b\" data-element_type=\"widget\" data-widget_type=\"heading.default\">\n\t\t\t\t<div class=\"elementor-widget-container\">\n\t\t\t\t\t<h5 class=\"elementor-heading-title elementor-size-default\">FAQ<\/h5>\t\t\t\t<\/div>\n\t\t\t\t<\/div>\n\t\t\t\t<div class=\"elementor-element elementor-element-2f80048 elementor-widget elementor-widget-heading\" data-id=\"2f80048\" data-element_type=\"widget\" data-widget_type=\"heading.default\">\n\t\t\t\t<div class=\"elementor-widget-container\">\n\t\t\t\t\t<h1 class=\"elementor-heading-title elementor-size-default\">PERGUNTAS FREQUENTES<\/h1>\t\t\t\t<\/div>\n\t\t\t\t<\/div>\n\t\t\t\t<\/div>\n\t\t\t\t<\/div>\n\t\t\t\t<\/div>\n\t\t\t\t\t<\/div>\n\t\t\t\t<\/div>\n\t\t<div class=\"elementor-element elementor-element-c6ca1c4 e-flex e-con-boxed e-con e-parent\" data-id=\"c6ca1c4\" data-element_type=\"container\">\n\t\t\t\t\t<div class=\"e-con-inner\">\n\t\t<div class=\"elementor-element elementor-element-f26045c e-con-full e-flex e-con e-child\" data-id=\"f26045c\" data-element_type=\"container\">\n\t\t<div class=\"elementor-element elementor-element-1e15d27 e-con-full e-flex e-con e-child\" data-id=\"1e15d27\" data-element_type=\"container\">\n\t\t<div class=\"elementor-element elementor-element-a59d6c9 e-con-full e-flex e-con e-child\" data-id=\"a59d6c9\" data-element_type=\"container\">\n\t\t<div class=\"elementor-element elementor-element-dc7b7ec e-con-full e-flex e-con e-child\" data-id=\"dc7b7ec\" data-element_type=\"container\">\n\t\t<div class=\"elementor-element elementor-element-b4a0f79 e-con-full e-flex e-con e-child\" data-id=\"b4a0f79\" data-element_type=\"container\">\n\t\t<div class=\"elementor-element elementor-element-4cbf224 e-con-full e-flex e-con e-child\" data-id=\"4cbf224\" data-element_type=\"container\">\n\t\t<div class=\"elementor-element elementor-element-c3cb387 e-con-full e-flex e-con e-child\" data-id=\"c3cb387\" data-element_type=\"container\" data-settings=\"{&quot;background_background&quot;:&quot;classic&quot;}\">\n\t\t\t\t<div class=\"elementor-element elementor-element-1770193 elementor-widget__width-auto elementor-widget elementor-widget-heading\" data-id=\"1770193\" data-element_type=\"widget\" data-widget_type=\"heading.default\">\n\t\t\t\t<div class=\"elementor-widget-container\">\n\t\t\t\t\t<h4 class=\"elementor-heading-title elementor-size-default\">Q<\/h4>\t\t\t\t<\/div>\n\t\t\t\t<\/div>\n\t\t\t\t<\/div>\n\t\t<div class=\"elementor-element elementor-element-ad029af e-con-full e-flex e-con e-child\" data-id=\"ad029af\" data-element_type=\"container\">\n\t\t\t\t<div class=\"elementor-element elementor-element-e3fcacb elementor-widget elementor-widget-heading\" data-id=\"e3fcacb\" data-element_type=\"widget\" data-widget_type=\"heading.default\">\n\t\t\t\t<div class=\"elementor-widget-container\">\n\t\t\t\t\t<h5 class=\"elementor-heading-title elementor-size-default\">Precisa de cart\u00e3o de cr\u00e9dito?<\/h5>\t\t\t\t<\/div>\n\t\t\t\t<\/div>\n\t\t\t\t<\/div>\n\t\t\t\t<\/div>\n\t\t<div class=\"elementor-element elementor-element-326fa6f e-con-full e-flex e-con e-child\" data-id=\"326fa6f\" data-element_type=\"container\">\n\t\t<div class=\"elementor-element elementor-element-d556b00 e-con-full e-flex e-con e-child\" data-id=\"d556b00\" data-element_type=\"container\">\n\t\t\t\t<div class=\"elementor-element elementor-element-deedc07 elementor-widget elementor-widget-heading\" data-id=\"deedc07\" data-element_type=\"widget\" data-widget_type=\"heading.default\">\n\t\t\t\t<div class=\"elementor-widget-container\">\n\t\t\t\t\t<h2 class=\"elementor-heading-title elementor-size-default\">A<\/h2>\t\t\t\t<\/div>\n\t\t\t\t<\/div>\n\t\t\t\t<\/div>\n\t\t<div class=\"elementor-element elementor-element-16c69e3 e-con-full e-flex e-con e-child\" data-id=\"16c69e3\" data-element_type=\"container\">\n\t\t\t\t<div class=\"elementor-element elementor-element-68e6714 elementor-widget elementor-widget-text-editor\" data-id=\"68e6714\" data-element_type=\"widget\" data-widget_type=\"text-editor.default\">\n\t\t\t\t<div class=\"elementor-widget-container\">\n\t\t\t\t\t\t\t\t\t<p>N\u00e3o precisa. No momento, estamos recebendo por transfer\u00eancia entre contas do Correio. Em pouco tempo retomaremos o sistema de boleto\u00a0pagamento em qualquer konbini.<\/p>\t\t\t\t\t\t\t\t<\/div>\n\t\t\t\t<\/div>\n\t\t\t\t<\/div>\n\t\t\t\t<\/div>\n\t\t\t\t<\/div>\n\t\t\t\t<div class=\"elementor-element elementor-element-2da3a2a elementor-widget elementor-widget-spacer\" data-id=\"2da3a2a\" data-element_type=\"widget\" data-widget_type=\"spacer.default\">\n\t\t\t\t<div class=\"elementor-widget-container\">\n\t\t\t\t\t\t\t<div class=\"elementor-spacer\">\n\t\t\t<div class=\"elementor-spacer-inner\"><\/div>\n\t\t<\/div>\n\t\t\t\t\t\t<\/div>\n\t\t\t\t<\/div>\n\t\t<div class=\"elementor-element elementor-element-ce5d6f1 e-con-full e-flex e-con e-child\" data-id=\"ce5d6f1\" data-element_type=\"container\">\n\t\t<div class=\"elementor-element elementor-element-d430e26 e-con-full e-flex e-con e-child\" data-id=\"d430e26\" data-element_type=\"container\">\n\t\t<div class=\"elementor-element elementor-element-683b82e e-con-full e-flex e-con e-child\" data-id=\"683b82e\" data-element_type=\"container\" data-settings=\"{&quot;background_background&quot;:&quot;classic&quot;}\">\n\t\t\t\t<div class=\"elementor-element elementor-element-0a64f76 elementor-widget__width-auto elementor-widget elementor-widget-heading\" data-id=\"0a64f76\" data-element_type=\"widget\" data-widget_type=\"heading.default\">\n\t\t\t\t<div class=\"elementor-widget-container\">\n\t\t\t\t\t<h4 class=\"elementor-heading-title elementor-size-default\">Q<\/h4>\t\t\t\t<\/div>\n\t\t\t\t<\/div>\n\t\t\t\t<\/div>\n\t\t<div class=\"elementor-element elementor-element-dc20948 e-con-full e-flex e-con e-child\" data-id=\"dc20948\" data-element_type=\"container\">\n\t\t\t\t<div class=\"elementor-element elementor-element-9271091 elementor-widget elementor-widget-heading\" data-id=\"9271091\" data-element_type=\"widget\" data-widget_type=\"heading.default\">\n\t\t\t\t<div class=\"elementor-widget-container\">\n\t\t\t\t\t<h5 class=\"elementor-heading-title elementor-size-default\">Quanto demora?<\/h5>\t\t\t\t<\/div>\n\t\t\t\t<\/div>\n\t\t\t\t<\/div>\n\t\t\t\t<\/div>\n\t\t<div class=\"elementor-element elementor-element-b4ecedf e-con-full e-flex e-con e-child\" data-id=\"b4ecedf\" data-element_type=\"container\">\n\t\t<div class=\"elementor-element elementor-element-4e3d86d e-con-full e-flex e-con e-child\" data-id=\"4e3d86d\" data-element_type=\"container\">\n\t\t\t\t<div class=\"elementor-element elementor-element-4444d77 elementor-widget elementor-widget-heading\" data-id=\"4444d77\" data-element_type=\"widget\" data-widget_type=\"heading.default\">\n\t\t\t\t<div class=\"elementor-widget-container\">\n\t\t\t\t\t<h2 class=\"elementor-heading-title elementor-size-default\">A<\/h2>\t\t\t\t<\/div>\n\t\t\t\t<\/div>\n\t\t\t\t<\/div>\n\t\t<div class=\"elementor-element elementor-element-395ade6 e-con-full e-flex e-con e-child\" data-id=\"395ade6\" data-element_type=\"container\">\n\t\t\t\t<div class=\"elementor-element elementor-element-f096411 elementor-widget elementor-widget-text-editor\" data-id=\"f096411\" data-element_type=\"widget\" data-widget_type=\"text-editor.default\">\n\t\t\t\t<div class=\"elementor-widget-container\">\n\t\t\t\t\t\t\t\t\t<p>Em m\u00e9dia, voc\u00ea recebe sua encomenda em\u00a02 ou 3 semanas\u00a0ap\u00f3s o pagamento.<br \/>A Solbrasil garante a devolu\u00e7\u00e3o do seu pagamento no caso da encomenda n\u00e3o lhe ser entregue, por qualquer motivo, em at\u00e9 45 dias.<\/p>\t\t\t\t\t\t\t\t<\/div>\n\t\t\t\t<\/div>\n\t\t\t\t<\/div>\n\t\t\t\t<\/div>\n\t\t\t\t<\/div>\n\t\t\t\t<div class=\"elementor-element elementor-element-d95e662 elementor-widget elementor-widget-spacer\" data-id=\"d95e662\" data-element_type=\"widget\" data-widget_type=\"spacer.default\">\n\t\t\t\t<div class=\"elementor-widget-container\">\n\t\t\t\t\t\t\t<div class=\"elementor-spacer\">\n\t\t\t<div class=\"elementor-spacer-inner\"><\/div>\n\t\t<\/div>\n\t\t\t\t\t\t<\/div>\n\t\t\t\t<\/div>\n\t\t<div class=\"elementor-element elementor-element-331d2e3 e-con-full e-flex e-con e-child\" data-id=\"331d2e3\" data-element_type=\"container\">\n\t\t<div class=\"elementor-element elementor-element-82d596d e-con-full e-flex e-con e-child\" data-id=\"82d596d\" data-element_type=\"container\">\n\t\t<div class=\"elementor-element elementor-element-de2d2cd e-con-full e-flex e-con e-child\" data-id=\"de2d2cd\" data-element_type=\"container\" data-settings=\"{&quot;background_background&quot;:&quot;classic&quot;}\">\n\t\t\t\t<div class=\"elementor-element elementor-element-9cda078 elementor-widget__width-auto elementor-widget elementor-widget-heading\" data-id=\"9cda078\" data-element_type=\"widget\" data-widget_type=\"heading.default\">\n\t\t\t\t<div class=\"elementor-widget-container\">\n\t\t\t\t\t<h4 class=\"elementor-heading-title elementor-size-default\">Q<\/h4>\t\t\t\t<\/div>\n\t\t\t\t<\/div>\n\t\t\t\t<\/div>\n\t\t<div class=\"elementor-element elementor-element-c1bf950 e-con-full e-flex e-con e-child\" data-id=\"c1bf950\" data-element_type=\"container\">\n\t\t\t\t<div class=\"elementor-element elementor-element-e3e6c37 elementor-widget elementor-widget-heading\" data-id=\"e3e6c37\" data-element_type=\"widget\" data-widget_type=\"heading.default\">\n\t\t\t\t<div class=\"elementor-widget-container\">\n\t\t\t\t\t<h5 class=\"elementor-heading-title elementor-size-default\">E o frete?<\/h5>\t\t\t\t<\/div>\n\t\t\t\t<\/div>\n\t\t\t\t<\/div>\n\t\t\t\t<\/div>\n\t\t<div class=\"elementor-element elementor-element-65b0a48 e-con-full e-flex e-con e-child\" data-id=\"65b0a48\" data-element_type=\"container\">\n\t\t<div class=\"elementor-element elementor-element-f72e1ce e-con-full e-flex e-con e-child\" data-id=\"f72e1ce\" data-element_type=\"container\">\n\t\t\t\t<div class=\"elementor-element elementor-element-c04ceea elementor-widget elementor-widget-heading\" data-id=\"c04ceea\" data-element_type=\"widget\" data-widget_type=\"heading.default\">\n\t\t\t\t<div class=\"elementor-widget-container\">\n\t\t\t\t\t<h2 class=\"elementor-heading-title elementor-size-default\">A<\/h2>\t\t\t\t<\/div>\n\t\t\t\t<\/div>\n\t\t\t\t<\/div>\n\t\t<div class=\"elementor-element elementor-element-3464620 e-con-full e-flex e-con e-child\" data-id=\"3464620\" data-element_type=\"container\">\n\t\t\t\t<div class=\"elementor-element elementor-element-ed45003 elementor-widget elementor-widget-text-editor\" data-id=\"ed45003\" data-element_type=\"widget\" data-widget_type=\"text-editor.default\">\n\t\t\t\t<div class=\"elementor-widget-container\">\n\t\t\t\t\t\t\t\t\t<p>No momento estamos trabalhando com encomendas de at\u00e9 2Kg, com frete \u00fanico de \u00a55.900<\/p>\t\t\t\t\t\t\t\t<\/div>\n\t\t\t\t<\/div>\n\t\t\t\t<\/div>\n\t\t\t\t<\/div>\n\t\t\t\t<\/div>\n\t\t\t\t<div class=\"elementor-element elementor-element-d185741 elementor-widget elementor-widget-spacer\" data-id=\"d185741\" data-element_type=\"widget\" data-widget_type=\"spacer.default\">\n\t\t\t\t<div class=\"elementor-widget-container\">\n\t\t\t\t\t\t\t<div class=\"elementor-spacer\">\n\t\t\t<div class=\"elementor-spacer-inner\"><\/div>\n\t\t<\/div>\n\t\t\t\t\t\t<\/div>\n\t\t\t\t<\/div>\n\t\t<div class=\"elementor-element elementor-element-bdf4d50 e-con-full e-flex e-con e-child\" data-id=\"bdf4d50\" data-element_type=\"container\">\n\t\t<div class=\"elementor-element elementor-element-d108097 e-con-full e-flex e-con e-child\" data-id=\"d108097\" data-element_type=\"container\">\n\t\t<div class=\"elementor-element elementor-element-324b46b e-con-full e-flex e-con e-child\" data-id=\"324b46b\" data-element_type=\"container\" data-settings=\"{&quot;background_background&quot;:&quot;classic&quot;}\">\n\t\t\t\t<div class=\"elementor-element elementor-element-973e3ee elementor-widget__width-auto elementor-widget elementor-widget-heading\" data-id=\"973e3ee\" data-element_type=\"widget\" data-widget_type=\"heading.default\">\n\t\t\t\t<div class=\"elementor-widget-container\">\n\t\t\t\t\t<h4 class=\"elementor-heading-title elementor-size-default\">Q<\/h4>\t\t\t\t<\/div>\n\t\t\t\t<\/div>\n\t\t\t\t<\/div>\n\t\t<div class=\"elementor-element elementor-element-71bff3a e-con-full e-flex e-con e-child\" data-id=\"71bff3a\" data-element_type=\"container\">\n\t\t\t\t<div class=\"elementor-element elementor-element-99879ef elementor-widget elementor-widget-heading\" data-id=\"99879ef\" data-element_type=\"widget\" data-widget_type=\"heading.default\">\n\t\t\t\t<div class=\"elementor-widget-container\">\n\t\t\t\t\t<h5 class=\"elementor-heading-title elementor-size-default\">E a receita?<\/h5>\t\t\t\t<\/div>\n\t\t\t\t<\/div>\n\t\t\t\t<\/div>\n\t\t\t\t<\/div>\n\t\t<div class=\"elementor-element elementor-element-cff2484 e-con-full e-flex e-con e-child\" data-id=\"cff2484\" data-element_type=\"container\">\n\t\t<div class=\"elementor-element elementor-element-fd4deb5 e-con-full e-flex e-con e-child\" data-id=\"fd4deb5\" data-element_type=\"container\">\n\t\t\t\t<div class=\"elementor-element elementor-element-70719e8 elementor-widget elementor-widget-heading\" data-id=\"70719e8\" data-element_type=\"widget\" data-widget_type=\"heading.default\">\n\t\t\t\t<div class=\"elementor-widget-container\">\n\t\t\t\t\t<h2 class=\"elementor-heading-title elementor-size-default\">A<\/h2>\t\t\t\t<\/div>\n\t\t\t\t<\/div>\n\t\t\t\t<\/div>\n\t\t<div class=\"elementor-element elementor-element-f9aa66e e-con-full e-flex e-con e-child\" data-id=\"f9aa66e\" data-element_type=\"container\">\n\t\t\t\t<div class=\"elementor-element elementor-element-fa562ee elementor-widget elementor-widget-text-editor\" data-id=\"fa562ee\" data-element_type=\"widget\" data-widget_type=\"text-editor.default\">\n\t\t\t\t<div class=\"elementor-widget-container\">\n\t\t\t\t\t\t\t\t\t<p>Para rem\u00e9dios de tarja vermelha, ser\u00e1 necess\u00e1rio apresentar uma\u00a0receita m\u00e9dica. Se n\u00e3o disp\u00f5e dela, podemos encaminh\u00e1-lo para uma tele consulta com os cl\u00ednicos gerais ou especialistas da\u00a0Vithadoc Health\u00a0no Brasil, para a avalia\u00e7\u00e3o e orienta\u00e7\u00e3o necess\u00e1rias.\u2028Por favor, entre em contato com nossa Central de Atendimento no Jap\u00e3o.<\/p>\t\t\t\t\t\t\t\t<\/div>\n\t\t\t\t<\/div>\n\t\t\t\t<\/div>\n\t\t\t\t<\/div>\n\t\t\t\t<\/div>\n\t\t\t\t<div class=\"elementor-element elementor-element-2a7ff85 elementor-widget elementor-widget-spacer\" data-id=\"2a7ff85\" data-element_type=\"widget\" data-widget_type=\"spacer.default\">\n\t\t\t\t<div class=\"elementor-widget-container\">\n\t\t\t\t\t\t\t<div class=\"elementor-spacer\">\n\t\t\t<div class=\"elementor-spacer-inner\"><\/div>\n\t\t<\/div>\n\t\t\t\t\t\t<\/div>\n\t\t\t\t<\/div>\n\t\t<div class=\"elementor-element elementor-element-a96548f e-con-full e-flex e-con e-child\" data-id=\"a96548f\" data-element_type=\"container\">\n\t\t<div class=\"elementor-element elementor-element-ba255e7 e-con-full e-flex e-con e-child\" data-id=\"ba255e7\" data-element_type=\"container\">\n\t\t<div class=\"elementor-element elementor-element-29592e7 e-con-full e-flex e-con e-child\" data-id=\"29592e7\" data-element_type=\"container\" data-settings=\"{&quot;background_background&quot;:&quot;classic&quot;}\">\n\t\t\t\t<div class=\"elementor-element elementor-element-ea802ef elementor-widget__width-auto elementor-widget elementor-widget-heading\" data-id=\"ea802ef\" data-element_type=\"widget\" data-widget_type=\"heading.default\">\n\t\t\t\t<div class=\"elementor-widget-container\">\n\t\t\t\t\t<h4 class=\"elementor-heading-title elementor-size-default\">Q<\/h4>\t\t\t\t<\/div>\n\t\t\t\t<\/div>\n\t\t\t\t<\/div>\n\t\t<div class=\"elementor-element elementor-element-a28096c e-con-full e-flex e-con e-child\" data-id=\"a28096c\" data-element_type=\"container\">\n\t\t\t\t<div class=\"elementor-element elementor-element-750f287 elementor-widget elementor-widget-heading\" data-id=\"750f287\" data-element_type=\"widget\" data-widget_type=\"heading.default\">\n\t\t\t\t<div class=\"elementor-widget-container\">\n\t\t\t\t\t<h5 class=\"elementor-heading-title elementor-size-default\">E rem\u00e9dios de tarja preta?<\/h5>\t\t\t\t<\/div>\n\t\t\t\t<\/div>\n\t\t\t\t<\/div>\n\t\t\t\t<\/div>\n\t\t<div class=\"elementor-element elementor-element-59faab1 e-con-full e-flex e-con e-child\" data-id=\"59faab1\" data-element_type=\"container\">\n\t\t<div class=\"elementor-element elementor-element-5e8648e e-con-full e-flex e-con e-child\" data-id=\"5e8648e\" data-element_type=\"container\">\n\t\t\t\t<div class=\"elementor-element elementor-element-5267dea elementor-widget elementor-widget-heading\" data-id=\"5267dea\" data-element_type=\"widget\" data-widget_type=\"heading.default\">\n\t\t\t\t<div class=\"elementor-widget-container\">\n\t\t\t\t\t<h2 class=\"elementor-heading-title elementor-size-default\">A<\/h2>\t\t\t\t<\/div>\n\t\t\t\t<\/div>\n\t\t\t\t<\/div>\n\t\t<div class=\"elementor-element elementor-element-29a0024 e-con-full e-flex e-con e-child\" data-id=\"29a0024\" data-element_type=\"container\">\n\t\t\t\t<div class=\"elementor-element elementor-element-b3b64f9 elementor-widget elementor-widget-text-editor\" data-id=\"b3b64f9\" data-element_type=\"widget\" data-widget_type=\"text-editor.default\">\n\t\t\t\t<div class=\"elementor-widget-container\">\n\t\t\t\t\t\t\t\t\t<p>N\u00e3o trabalhamos com produtos de tarja preta.<\/p>\t\t\t\t\t\t\t\t<\/div>\n\t\t\t\t<\/div>\n\t\t\t\t<\/div>\n\t\t\t\t<\/div>\n\t\t\t\t<\/div>\n\t\t\t\t<div class=\"elementor-element elementor-element-d08a8a9 elementor-widget elementor-widget-spacer\" data-id=\"d08a8a9\" data-element_type=\"widget\" data-widget_type=\"spacer.default\">\n\t\t\t\t<div class=\"elementor-widget-container\">\n\t\t\t\t\t\t\t<div class=\"elementor-spacer\">\n\t\t\t<div class=\"elementor-spacer-inner\"><\/div>\n\t\t<\/div>\n\t\t\t\t\t\t<\/div>\n\t\t\t\t<\/div>\n\t\t<div class=\"elementor-element elementor-element-1544aae e-con-full e-flex e-con e-child\" data-id=\"1544aae\" data-element_type=\"container\">\n\t\t<div class=\"elementor-element elementor-element-4407250 e-con-full e-flex e-con e-child\" data-id=\"4407250\" data-element_type=\"container\">\n\t\t<div class=\"elementor-element elementor-element-b50cadc e-con-full e-flex e-con e-child\" data-id=\"b50cadc\" data-element_type=\"container\" data-settings=\"{&quot;background_background&quot;:&quot;classic&quot;}\">\n\t\t\t\t<div class=\"elementor-element elementor-element-ed23503 elementor-widget__width-auto elementor-widget elementor-widget-heading\" data-id=\"ed23503\" data-element_type=\"widget\" data-widget_type=\"heading.default\">\n\t\t\t\t<div class=\"elementor-widget-container\">\n\t\t\t\t\t<h4 class=\"elementor-heading-title elementor-size-default\">Q<\/h4>\t\t\t\t<\/div>\n\t\t\t\t<\/div>\n\t\t\t\t<\/div>\n\t\t<div class=\"elementor-element elementor-element-5e14e60 e-con-full e-flex e-con e-child\" data-id=\"5e14e60\" data-element_type=\"container\">\n\t\t\t\t<div class=\"elementor-element elementor-element-c09ccae elementor-widget elementor-widget-heading\" data-id=\"c09ccae\" data-element_type=\"widget\" data-widget_type=\"heading.default\">\n\t\t\t\t<div class=\"elementor-widget-container\">\n\t\t\t\t\t<h5 class=\"elementor-heading-title elementor-size-default\">E nos casos de urg\u00eancia?<\/h5>\t\t\t\t<\/div>\n\t\t\t\t<\/div>\n\t\t\t\t<\/div>\n\t\t\t\t<\/div>\n\t\t<div class=\"elementor-element elementor-element-5e300f8 e-con-full e-flex e-con e-child\" data-id=\"5e300f8\" data-element_type=\"container\">\n\t\t<div class=\"elementor-element elementor-element-281ecb6 e-con-full e-flex e-con e-child\" data-id=\"281ecb6\" data-element_type=\"container\">\n\t\t\t\t<div class=\"elementor-element elementor-element-bfaa379 elementor-widget elementor-widget-heading\" data-id=\"bfaa379\" data-element_type=\"widget\" data-widget_type=\"heading.default\">\n\t\t\t\t<div class=\"elementor-widget-container\">\n\t\t\t\t\t<h2 class=\"elementor-heading-title elementor-size-default\">A<\/h2>\t\t\t\t<\/div>\n\t\t\t\t<\/div>\n\t\t\t\t<\/div>\n\t\t<div class=\"elementor-element elementor-element-849e3a2 e-con-full e-flex e-con e-child\" data-id=\"849e3a2\" data-element_type=\"container\">\n\t\t\t\t<div class=\"elementor-element elementor-element-f7fed19 elementor-widget elementor-widget-text-editor\" data-id=\"f7fed19\" data-element_type=\"widget\" data-widget_type=\"text-editor.default\">\n\t\t\t\t<div class=\"elementor-widget-container\">\n\t\t\t\t\t\t\t\t\t<p>Desculpe, mas n\u00e3o temos loja f\u00edsica ou estoque de produtos aqui no Jap\u00e3o.\u2028N\u00e3o temos como atender pedidos de urg\u00eancia. Em condi\u00e7\u00f5es normais, as encomendas demoram de 2 a 3 semanas para serem entregues na sua casa no Jap\u00e3o, a contar do pagamento.<\/p>\t\t\t\t\t\t\t\t<\/div>\n\t\t\t\t<\/div>\n\t\t\t\t<\/div>\n\t\t\t\t<\/div>\n\t\t\t\t<\/div>\n\t\t\t\t<div class=\"elementor-element elementor-element-6423c82 elementor-widget elementor-widget-spacer\" data-id=\"6423c82\" data-element_type=\"widget\" data-widget_type=\"spacer.default\">\n\t\t\t\t<div class=\"elementor-widget-container\">\n\t\t\t\t\t\t\t<div class=\"elementor-spacer\">\n\t\t\t<div class=\"elementor-spacer-inner\"><\/div>\n\t\t<\/div>\n\t\t\t\t\t\t<\/div>\n\t\t\t\t<\/div>\n\t\t<div class=\"elementor-element elementor-element-e29b62e e-con-full e-flex e-con e-child\" data-id=\"e29b62e\" data-element_type=\"container\">\n\t\t<div class=\"elementor-element elementor-element-3880077 e-con-full e-flex e-con e-child\" data-id=\"3880077\" data-element_type=\"container\">\n\t\t<div class=\"elementor-element elementor-element-7305735 e-con-full e-flex e-con e-child\" data-id=\"7305735\" data-element_type=\"container\" data-settings=\"{&quot;background_background&quot;:&quot;classic&quot;}\">\n\t\t\t\t<div class=\"elementor-element elementor-element-0fc3568 elementor-widget__width-auto elementor-widget elementor-widget-heading\" data-id=\"0fc3568\" data-element_type=\"widget\" data-widget_type=\"heading.default\">\n\t\t\t\t<div class=\"elementor-widget-container\">\n\t\t\t\t\t<h4 class=\"elementor-heading-title elementor-size-default\">Q<\/h4>\t\t\t\t<\/div>\n\t\t\t\t<\/div>\n\t\t\t\t<\/div>\n\t\t<div class=\"elementor-element elementor-element-db30e34 e-con-full e-flex e-con e-child\" data-id=\"db30e34\" data-element_type=\"container\">\n\t\t\t\t<div class=\"elementor-element elementor-element-eae81e7 elementor-widget elementor-widget-heading\" data-id=\"eae81e7\" data-element_type=\"widget\" data-widget_type=\"heading.default\">\n\t\t\t\t<div class=\"elementor-widget-container\">\n\t\t\t\t\t<h5 class=\"elementor-heading-title elementor-size-default\">Pode trazer produtos l\u00edquidos?<\/h5>\t\t\t\t<\/div>\n\t\t\t\t<\/div>\n\t\t\t\t<\/div>\n\t\t\t\t<\/div>\n\t\t<div class=\"elementor-element elementor-element-0628e66 e-con-full e-flex e-con e-child\" data-id=\"0628e66\" data-element_type=\"container\">\n\t\t<div class=\"elementor-element elementor-element-cf20cc4 e-con-full e-flex e-con e-child\" data-id=\"cf20cc4\" data-element_type=\"container\">\n\t\t\t\t<div class=\"elementor-element elementor-element-ec150c9 elementor-widget elementor-widget-heading\" data-id=\"ec150c9\" data-element_type=\"widget\" data-widget_type=\"heading.default\">\n\t\t\t\t<div class=\"elementor-widget-container\">\n\t\t\t\t\t<h2 class=\"elementor-heading-title elementor-size-default\">A<\/h2>\t\t\t\t<\/div>\n\t\t\t\t<\/div>\n\t\t\t\t<\/div>\n\t\t<div class=\"elementor-element elementor-element-76974a9 e-con-full e-flex e-con e-child\" data-id=\"76974a9\" data-element_type=\"container\">\n\t\t\t\t<div class=\"elementor-element elementor-element-8e88242 elementor-widget elementor-widget-text-editor\" data-id=\"8e88242\" data-element_type=\"widget\" data-widget_type=\"text-editor.default\">\n\t\t\t\t<div class=\"elementor-widget-container\">\n\t\t\t\t\t\t\t\t\t<p>O Correio brasileiro n\u00e3o aceita, em princ\u00edpio, o despacho de produtos l\u00edquidos.<\/p>\t\t\t\t\t\t\t\t<\/div>\n\t\t\t\t<\/div>\n\t\t\t\t<\/div>\n\t\t\t\t<\/div>\n\t\t\t\t<\/div>\n\t\t\t\t<\/div>\n\t\t\t\t<\/div>\n\t\t\t\t<\/div>\n\t\t\t\t<\/div>\n\t\t\t\t\t<\/div>\n\t\t\t\t<\/div>\n\t\t\t\t<\/div>\n\t\t","protected":false},"excerpt":{"rendered":"<p>FAQ PERGUNTAS FREQUENTES Q Precisa de cart\u00e3o de cr\u00e9dito? A N\u00e3o precisa. No momento, estamos recebendo por tran [&hellip;]<\/p>\n","protected":false},"author":1,"featured_media":0,"parent":0,"menu_order":0,"comment_status":"closed","ping_status":"closed","template":"","meta":{"footnotes":""},"class_list":["post-99","page","type-page","status-publish","hentry"],"_links":{"self":[{"href":"https:\/\/solbrasil.co.jp\/index.php?rest_route=\/wp\/v2\/pages\/99","targetHints":{"allow":["GET"]}}],"collection":[{"href":"https:\/\/solbrasil.co.jp\/index.php?rest_route=\/wp\/v2\/pages"}],"about":[{"href":"https:\/\/solbrasil.co.jp\/index.php?rest_route=\/wp\/v2\/types\/page"}],"author":[{"embeddable":true,"href":"https:\/\/solbrasil.co.jp\/index.php?rest_route=\/wp\/v2\/users\/1"}],"replies":[{"embeddable":true,"href":"https:\/\/solbrasil.co.jp\/index.php?rest_route=%2Fwp%2Fv2%2Fcomments&post=99"}],"version-history":[{"count":14,"href":"https:\/\/solbrasil.co.jp\/index.php?rest_route=\/wp\/v2\/pages\/99\/revisions"}],"predecessor-version":[{"id":385,"href":"https:\/\/solbrasil.co.jp\/index.php?rest_route=\/wp\/v2\/pages\/99\/revisions\/385"}],"wp:attachment":[{"href":"https:\/\/solbrasil.co.jp\/index.php?rest_route=%2Fwp%2Fv2%2Fmedia&parent=99"}],"curies":[{"name":"wp","href":"https:\/\/api.w.org\/{rel}","templated":true}]}}