{"id":94,"date":"2024-08-02T20:36:20","date_gmt":"2024-08-02T11:36:20","guid":{"rendered":"https:\/\/solbrasil.co.jp\/wordpress\/?page_id=94"},"modified":"2024-10-18T12:15:43","modified_gmt":"2024-10-18T03:15:43","slug":"solbrasil","status":"publish","type":"page","link":"https:\/\/solbrasil.co.jp\/","title":{"rendered":"TOP"},"content":{"rendered":"\t\t<div data-elementor-type=\"wp-page\" data-elementor-id=\"94\" class=\"elementor elementor-94\">\n\t\t\t\t<div class=\"elementor-element elementor-element-711dcda e-flex e-con-boxed e-con e-parent\" data-id=\"711dcda\" data-element_type=\"container\" data-settings=\"{&quot;background_background&quot;:&quot;classic&quot;}\">\n\t\t\t\t\t<div class=\"e-con-inner\">\n\t\t<div class=\"elementor-element elementor-element-b1e5ebc e-con-full elementor-hidden-mobile e-flex e-con e-child\" data-id=\"b1e5ebc\" data-element_type=\"container\" data-settings=\"{&quot;background_background&quot;:&quot;classic&quot;}\">\n\t\t<div class=\"elementor-element elementor-element-cf8174b e-flex e-con-boxed e-con e-child\" data-id=\"cf8174b\" data-element_type=\"container\">\n\t\t\t\t\t<div class=\"e-con-inner\">\n\t\t\t\t<div class=\"elementor-element elementor-element-7bd3a5a elementor-widget elementor-widget-image\" data-id=\"7bd3a5a\" data-element_type=\"widget\" data-widget_type=\"image.default\">\n\t\t\t\t<div class=\"elementor-widget-container\">\n\t\t\t\t\t\t\t\t\t\t\t\t\t\t\t<img decoding=\"async\" width=\"150\" height=\"150\" src=\"http:\/\/solbrasil.co.jp\/wordpress\/wp-content\/uploads\/2024\/08\/logo-150x150.png\" class=\"attachment-thumbnail size-thumbnail wp-image-274\" alt=\"\" srcset=\"http:\/\/solbrasil.co.jp\/wordpress\/wp-content\/uploads\/2024\/08\/logo-150x150.png 150w, http:\/\/solbrasil.co.jp\/wordpress\/wp-content\/uploads\/2024\/08\/logo-300x300.png 300w, http:\/\/solbrasil.co.jp\/wordpress\/wp-content\/uploads\/2024\/08\/logo-768x768.png 768w, http:\/\/solbrasil.co.jp\/wordpress\/wp-content\/uploads\/2024\/08\/logo.png 900w\" sizes=\"(max-width: 150px) 100vw, 150px\" \/>\t\t\t\t\t\t\t\t\t\t\t\t\t\t\t<\/div>\n\t\t\t\t<\/div>\n\t\t\t\t\t<\/div>\n\t\t\t\t<\/div>\n\t\t<div class=\"elementor-element elementor-element-dfaef83 e-con-full e-flex e-con e-child\" data-id=\"dfaef83\" data-element_type=\"container\">\n\t\t<div class=\"elementor-element elementor-element-ad5f257 e-con-full e-flex e-con e-child\" data-id=\"ad5f257\" data-element_type=\"container\">\n\t\t<a class=\"elementor-element elementor-element-55ffd0a e-flex e-con-boxed e-con e-child\" data-id=\"55ffd0a\" data-element_type=\"container\" href=\"https:\/\/solbrasil.co.jp\/wordpress\/?page_id=101\">\n\t\t\t\t\t<div class=\"e-con-inner\">\n\t\t\t\t<div class=\"elementor-element elementor-element-0b65632 elementor-widget__width-inherit elementor-widget elementor-widget-heading\" data-id=\"0b65632\" data-element_type=\"widget\" data-widget_type=\"heading.default\">\n\t\t\t\t<div class=\"elementor-widget-container\">\n\t\t\t\t\t<h6 class=\"elementor-heading-title elementor-size-default\"><a href=\"https:\/\/solbrasil.co.jp\/wordpress\/?page_id=101\">COMO COMPRAR<\/a><\/h6>\t\t\t\t<\/div>\n\t\t\t\t<\/div>\n\t\t\t\t\t<\/div>\n\t\t\t\t<\/a>\n\t\t<a class=\"elementor-element elementor-element-f28349d e-con-full e-flex e-con e-child\" data-id=\"f28349d\" data-element_type=\"container\" href=\"https:\/\/solbrasil.co.jp\/wordpress\/?page_id=99\">\n\t\t\t\t<div class=\"elementor-element elementor-element-735589f elementor-widget__width-inherit elementor-widget elementor-widget-heading\" data-id=\"735589f\" data-element_type=\"widget\" data-widget_type=\"heading.default\">\n\t\t\t\t<div class=\"elementor-widget-container\">\n\t\t\t\t\t<h4 class=\"elementor-heading-title elementor-size-default\"><a href=\"https:\/\/solbrasil.co.jp\/wordpress\/?page_id=99\">PERGUNTAS FREQUENTES<\/a><\/h4>\t\t\t\t<\/div>\n\t\t\t\t<\/div>\n\t\t\t\t<\/a>\n\t\t<a class=\"elementor-element elementor-element-566c515 e-con-full e-flex e-con e-child\" data-id=\"566c515\" data-element_type=\"container\">\n\t\t\t\t<div class=\"elementor-element elementor-element-4891f12 elementor-widget__width-inherit elementor-widget elementor-widget-heading\" data-id=\"4891f12\" data-element_type=\"widget\" data-widget_type=\"heading.default\">\n\t\t\t\t<div class=\"elementor-widget-container\">\n\t\t\t\t\t<h4 class=\"elementor-heading-title elementor-size-default\"><a href=\"https:\/\/solbrasil.co.jp\/wordpress\/?page_id=103\">QUEN SOMOS<\/a><\/h4>\t\t\t\t<\/div>\n\t\t\t\t<\/div>\n\t\t\t\t<\/a>\n\t\t<a class=\"elementor-element elementor-element-246e4ef e-con-full e-flex e-con e-child\" data-id=\"246e4ef\" data-element_type=\"container\">\n\t\t\t\t<div class=\"elementor-element elementor-element-212a334 elementor-widget__width-inherit elementor-widget elementor-widget-heading\" data-id=\"212a334\" data-element_type=\"widget\" data-widget_type=\"heading.default\">\n\t\t\t\t<div class=\"elementor-widget-container\">\n\t\t\t\t\t<h4 class=\"elementor-heading-title elementor-size-default\"><a href=\"https:\/\/solbrasil.co.jp\/wordpress\/?page_id=105\">GARANTIAS<\/a><\/h4>\t\t\t\t<\/div>\n\t\t\t\t<\/div>\n\t\t\t\t<\/a>\n\t\t<a class=\"elementor-element elementor-element-44aa1ec e-con-full e-flex e-con e-child\" data-id=\"44aa1ec\" data-element_type=\"container\">\n\t\t\t\t<div class=\"elementor-element elementor-element-22dba62 elementor-widget__width-inherit elementor-widget elementor-widget-heading\" data-id=\"22dba62\" data-element_type=\"widget\" data-widget_type=\"heading.default\">\n\t\t\t\t<div class=\"elementor-widget-container\">\n\t\t\t\t\t<h4 class=\"elementor-heading-title elementor-size-default\"><a href=\"https:\/\/solbrasil.co.jp\/wordpress\/?page_id=107\">INFORMA\u00c7\u00d5ES LEGAIS E RESTRI\u00c7\u00d5ES<\/a><\/h4>\t\t\t\t<\/div>\n\t\t\t\t<\/div>\n\t\t\t\t<\/a>\n\t\t\t\t<\/div>\n\t\t<div class=\"elementor-element elementor-element-06b72ae e-con-full e-flex e-con e-child\" data-id=\"06b72ae\" data-element_type=\"container\">\n\t\t\t\t<div class=\"elementor-element elementor-element-b7bbae9 elementor-invisible elementor-widget elementor-widget-image\" data-id=\"b7bbae9\" data-element_type=\"widget\" data-settings=\"{&quot;_animation&quot;:&quot;swing&quot;}\" data-widget_type=\"image.default\">\n\t\t\t\t<div class=\"elementor-widget-container\">\n\t\t\t\t\t\t\t\t\t\t\t\t\t\t\t\t<a href=\"https:\/\/japan.pill.com.br\/\">\n\t\t\t\t\t\t\t<img decoding=\"async\" width=\"230\" height=\"155\" src=\"http:\/\/solbrasil.co.jp\/wordpress\/wp-content\/uploads\/2024\/08\/\u30dc\u30bf\u30f3\u5927.png\" class=\"attachment-medium_large size-medium_large wp-image-231\" alt=\"\" \/>\t\t\t\t\t\t\t\t<\/a>\n\t\t\t\t\t\t\t\t\t\t\t\t\t\t\t<\/div>\n\t\t\t\t<\/div>\n\t\t\t\t<\/div>\n\t\t\t\t<\/div>\n\t\t\t\t<\/div>\n\t\t<div class=\"elementor-element elementor-element-67bc0b4 e-con-full e-flex e-con e-child\" data-id=\"67bc0b4\" data-element_type=\"container\" data-settings=\"{&quot;background_background&quot;:&quot;classic&quot;}\">\n\t\t\t\t<div class=\"elementor-element elementor-element-5083e7a elementor-widget__width-inherit elementor-widget elementor-widget-image\" data-id=\"5083e7a\" data-element_type=\"widget\" data-widget_type=\"image.default\">\n\t\t\t\t<div class=\"elementor-widget-container\">\n\t\t\t\t\t\t\t\t\t\t\t\t\t\t\t<img fetchpriority=\"high\" decoding=\"async\" width=\"768\" height=\"542\" src=\"http:\/\/solbrasil.co.jp\/wordpress\/wp-content\/uploads\/2024\/10\/FV-1-768x542.png\" class=\"attachment-medium_large size-medium_large wp-image-390\" alt=\"\" srcset=\"http:\/\/solbrasil.co.jp\/wordpress\/wp-content\/uploads\/2024\/10\/FV-1-768x542.png 768w, http:\/\/solbrasil.co.jp\/wordpress\/wp-content\/uploads\/2024\/10\/FV-1-300x212.png 300w, http:\/\/solbrasil.co.jp\/wordpress\/wp-content\/uploads\/2024\/10\/FV-1-1024x723.png 1024w, http:\/\/solbrasil.co.jp\/wordpress\/wp-content\/uploads\/2024\/10\/FV-1-1536x1084.png 1536w, http:\/\/solbrasil.co.jp\/wordpress\/wp-content\/uploads\/2024\/10\/FV-1-2048x1446.png 2048w\" sizes=\"(max-width: 768px) 100vw, 768px\" \/>\t\t\t\t\t\t\t\t\t\t\t\t\t\t\t<\/div>\n\t\t\t\t<\/div>\n\t\t\t\t<\/div>\n\t\t\t\t\t<\/div>\n\t\t\t\t<\/div>\n\t\t<div class=\"elementor-element elementor-element-273a4a5 e-flex e-con-boxed e-con e-parent\" data-id=\"273a4a5\" data-element_type=\"container\">\n\t\t\t\t\t<div class=\"e-con-inner\">\n\t\t<div class=\"elementor-element elementor-element-dced3d0 e-con-full e-flex e-con e-child\" data-id=\"dced3d0\" data-element_type=\"container\">\n\t\t<div class=\"elementor-element elementor-element-575c52e e-con-full e-flex e-con e-child\" data-id=\"575c52e\" data-element_type=\"container\">\n\t\t\t\t<div class=\"elementor-element elementor-element-7eb6905 elementor-widget elementor-widget-heading\" data-id=\"7eb6905\" data-element_type=\"widget\" data-widget_type=\"heading.default\">\n\t\t\t\t<div class=\"elementor-widget-container\">\n\t\t\t\t\t<h1 class=\"elementor-heading-title elementor-size-default\">Aos clientes da SOLBRASIL<\/h1>\t\t\t\t<\/div>\n\t\t\t\t<\/div>\n\t\t\t\t<\/div>\n\t\t<div class=\"elementor-element elementor-element-6bddee2 e-flex e-con-boxed e-con e-child\" data-id=\"6bddee2\" data-element_type=\"container\">\n\t\t\t\t\t<div class=\"e-con-inner\">\n\t\t\t\t<div class=\"elementor-element elementor-element-a002635 elementor-widget-mobile__width-initial elementor-widget elementor-widget-text-editor\" data-id=\"a002635\" data-element_type=\"widget\" data-widget_type=\"text-editor.default\">\n\t\t\t\t<div class=\"elementor-widget-container\">\n\t\t\t\t\t\t\t\t\t<p>Estamos retomando nossa opera\u00e7\u00e3o no Jap\u00e3o,<br \/>agora em parceria com a PILL FARM\u00c1CIA DIGITAL.<br \/>E voltamos com novidade! Agora voc\u00ea pode contar com o servi\u00e7o de tele-consultas com os m\u00e9dicos da VITHADOC HEALTH!<br \/><br \/>Ligue para nossa CENTRAL DE ATENDIMENTO NO JAP\u00c3O<\/p>\t\t\t\t\t\t\t\t<\/div>\n\t\t\t\t<\/div>\n\t\t\t\t\t<\/div>\n\t\t\t\t<\/div>\n\t\t\t\t<\/div>\n\t\t\t\t\t<\/div>\n\t\t\t\t<\/div>\n\t\t<div class=\"elementor-element elementor-element-75e1d2e e-flex e-con-boxed e-con e-parent\" data-id=\"75e1d2e\" data-element_type=\"container\">\n\t\t\t\t\t<div class=\"e-con-inner\">\n\t\t<div class=\"elementor-element elementor-element-6364d2a e-con-full e-flex e-con e-child\" data-id=\"6364d2a\" data-element_type=\"container\" data-settings=\"{&quot;background_background&quot;:&quot;classic&quot;}\">\n\t\t\t\t<\/div>\n\t\t\t\t\t<\/div>\n\t\t\t\t<\/div>\n\t\t<div class=\"elementor-element elementor-element-9b74b11 e-flex e-con-boxed e-con e-parent\" data-id=\"9b74b11\" data-element_type=\"container\">\n\t\t\t\t\t<div class=\"e-con-inner\">\n\t\t<div class=\"elementor-element elementor-element-a23568b e-con-full e-flex e-con e-child\" data-id=\"a23568b\" data-element_type=\"container\" data-settings=\"{&quot;background_background&quot;:&quot;classic&quot;}\">\n\t\t\t\t<div class=\"elementor-element elementor-element-122ee3a elementor-widget elementor-widget-heading\" data-id=\"122ee3a\" data-element_type=\"widget\" data-widget_type=\"heading.default\">\n\t\t\t\t<div class=\"elementor-widget-container\">\n\t\t\t\t\t<h5 class=\"elementor-heading-title elementor-size-default\">SERVICE<\/h5>\t\t\t\t<\/div>\n\t\t\t\t<\/div>\n\t\t\t\t<div class=\"elementor-element elementor-element-6a66c7b elementor-widget elementor-widget-heading\" data-id=\"6a66c7b\" data-element_type=\"widget\" data-widget_type=\"heading.default\">\n\t\t\t\t<div class=\"elementor-widget-container\">\n\t\t\t\t\t<h1 class=\"elementor-heading-title elementor-size-default\">SERVI\u00c7O<\/h1>\t\t\t\t<\/div>\n\t\t\t\t<\/div>\n\t\t\t\t<\/div>\n\t\t<div class=\"elementor-element elementor-element-2ab9e8c e-con-full e-flex e-con e-child\" data-id=\"2ab9e8c\" data-element_type=\"container\">\n\t\t<div class=\"elementor-element elementor-element-8163fb2 e-flex e-con-boxed e-con e-child\" data-id=\"8163fb2\" data-element_type=\"container\">\n\t\t\t\t\t<div class=\"e-con-inner\">\n\t\t<div class=\"elementor-element elementor-element-830d0af e-con-full e-flex e-con e-child\" data-id=\"830d0af\" data-element_type=\"container\">\n\t\t\t\t<div class=\"elementor-element elementor-element-46b1072 elementor-widget elementor-widget-image\" data-id=\"46b1072\" data-element_type=\"widget\" data-widget_type=\"image.default\">\n\t\t\t\t<div class=\"elementor-widget-container\">\n\t\t\t\t\t\t\t\t\t\t\t\t\t\t\t<img loading=\"lazy\" decoding=\"async\" width=\"768\" height=\"960\" src=\"http:\/\/solbrasil.co.jp\/wordpress\/wp-content\/uploads\/2024\/08\/\u2460-768x960.png\" class=\"attachment-medium_large size-medium_large wp-image-280\" alt=\"\" srcset=\"http:\/\/solbrasil.co.jp\/wordpress\/wp-content\/uploads\/2024\/08\/\u2460-768x960.png 768w, http:\/\/solbrasil.co.jp\/wordpress\/wp-content\/uploads\/2024\/08\/\u2460-240x300.png 240w, http:\/\/solbrasil.co.jp\/wordpress\/wp-content\/uploads\/2024\/08\/\u2460.png 800w\" sizes=\"(max-width: 768px) 100vw, 768px\" \/>\t\t\t\t\t\t\t\t\t\t\t\t\t\t\t<\/div>\n\t\t\t\t<\/div>\n\t\t\t\t<\/div>\n\t\t<div class=\"elementor-element elementor-element-f1ac13f e-con-full e-flex e-con e-child\" data-id=\"f1ac13f\" data-element_type=\"container\">\n\t\t\t\t<div class=\"elementor-element elementor-element-5f75311 elementor-widget elementor-widget-image\" data-id=\"5f75311\" data-element_type=\"widget\" data-widget_type=\"image.default\">\n\t\t\t\t<div class=\"elementor-widget-container\">\n\t\t\t\t\t\t\t\t\t\t\t\t\t\t\t<img loading=\"lazy\" decoding=\"async\" width=\"768\" height=\"960\" src=\"http:\/\/solbrasil.co.jp\/wordpress\/wp-content\/uploads\/2024\/08\/\u2461-768x960.png\" class=\"attachment-medium_large size-medium_large wp-image-290\" alt=\"\" srcset=\"http:\/\/solbrasil.co.jp\/wordpress\/wp-content\/uploads\/2024\/08\/\u2461-768x960.png 768w, http:\/\/solbrasil.co.jp\/wordpress\/wp-content\/uploads\/2024\/08\/\u2461-240x300.png 240w, http:\/\/solbrasil.co.jp\/wordpress\/wp-content\/uploads\/2024\/08\/\u2461.png 800w\" sizes=\"(max-width: 768px) 100vw, 768px\" \/>\t\t\t\t\t\t\t\t\t\t\t\t\t\t\t<\/div>\n\t\t\t\t<\/div>\n\t\t\t\t<\/div>\n\t\t\t\t\t<\/div>\n\t\t\t\t<\/div>\n\t\t\t\t<\/div>\n\t\t<div class=\"elementor-element elementor-element-c8b11df e-flex e-con-boxed e-con e-child\" data-id=\"c8b11df\" data-element_type=\"container\">\n\t\t\t\t\t<div class=\"e-con-inner\">\n\t\t<div class=\"elementor-element elementor-element-cba24e9 e-con-full e-flex e-con e-child\" data-id=\"cba24e9\" data-element_type=\"container\">\n\t\t<div class=\"elementor-element elementor-element-3f8ad9d e-con-full e-flex e-con e-child\" data-id=\"3f8ad9d\" data-element_type=\"container\">\n\t\t\t\t<div class=\"elementor-element elementor-element-73bcfb0 elementor-widget elementor-widget-image\" data-id=\"73bcfb0\" data-element_type=\"widget\" data-widget_type=\"image.default\">\n\t\t\t\t<div class=\"elementor-widget-container\">\n\t\t\t\t\t\t\t\t\t\t\t\t\t\t\t<img loading=\"lazy\" decoding=\"async\" width=\"768\" height=\"960\" src=\"http:\/\/solbrasil.co.jp\/wordpress\/wp-content\/uploads\/2024\/08\/\u2462-768x960.png\" class=\"attachment-medium_large size-medium_large wp-image-288\" alt=\"\" srcset=\"http:\/\/solbrasil.co.jp\/wordpress\/wp-content\/uploads\/2024\/08\/\u2462-768x960.png 768w, http:\/\/solbrasil.co.jp\/wordpress\/wp-content\/uploads\/2024\/08\/\u2462-240x300.png 240w, http:\/\/solbrasil.co.jp\/wordpress\/wp-content\/uploads\/2024\/08\/\u2462.png 800w\" sizes=\"(max-width: 768px) 100vw, 768px\" \/>\t\t\t\t\t\t\t\t\t\t\t\t\t\t\t<\/div>\n\t\t\t\t<\/div>\n\t\t\t\t<\/div>\n\t\t<div class=\"elementor-element elementor-element-854abd9 e-con-full e-flex e-con e-child\" data-id=\"854abd9\" data-element_type=\"container\">\n\t\t\t\t<div class=\"elementor-element elementor-element-b529f48 elementor-widget elementor-widget-image\" data-id=\"b529f48\" data-element_type=\"widget\" data-widget_type=\"image.default\">\n\t\t\t\t<div class=\"elementor-widget-container\">\n\t\t\t\t\t\t\t\t\t\t\t\t\t\t\t<img loading=\"lazy\" decoding=\"async\" width=\"768\" height=\"960\" src=\"http:\/\/solbrasil.co.jp\/wordpress\/wp-content\/uploads\/2024\/08\/\u2463-768x960.png\" class=\"attachment-medium_large size-medium_large wp-image-289\" alt=\"\" srcset=\"http:\/\/solbrasil.co.jp\/wordpress\/wp-content\/uploads\/2024\/08\/\u2463-768x960.png 768w, http:\/\/solbrasil.co.jp\/wordpress\/wp-content\/uploads\/2024\/08\/\u2463-240x300.png 240w, http:\/\/solbrasil.co.jp\/wordpress\/wp-content\/uploads\/2024\/08\/\u2463.png 800w\" sizes=\"(max-width: 768px) 100vw, 768px\" \/>\t\t\t\t\t\t\t\t\t\t\t\t\t\t\t<\/div>\n\t\t\t\t<\/div>\n\t\t\t\t<\/div>\n\t\t\t\t<\/div>\n\t\t\t\t\t<\/div>\n\t\t\t\t<\/div>\n\t\t\t\t\t<\/div>\n\t\t\t\t<\/div>\n\t\t<div class=\"elementor-element elementor-element-f6770d0 e-flex e-con-boxed e-con e-parent\" data-id=\"f6770d0\" data-element_type=\"container\">\n\t\t\t\t\t<div class=\"e-con-inner\">\n\t\t<div class=\"elementor-element elementor-element-40caa1b e-con-full e-flex e-con e-child\" data-id=\"40caa1b\" data-element_type=\"container\">\n\t\t<div class=\"elementor-element elementor-element-6b46f39 e-con-full e-flex e-con e-child\" data-id=\"6b46f39\" data-element_type=\"container\" data-settings=\"{&quot;background_background&quot;:&quot;classic&quot;}\">\n\t\t<div class=\"elementor-element elementor-element-ab38d90 e-con-full e-flex e-con e-child\" data-id=\"ab38d90\" data-element_type=\"container\">\n\t\t<div class=\"elementor-element elementor-element-9b6be6b e-con-full e-flex e-con e-child\" data-id=\"9b6be6b\" data-element_type=\"container\">\n\t\t\t\t<div class=\"elementor-element elementor-element-e58487a elementor-widget elementor-widget-image\" data-id=\"e58487a\" data-element_type=\"widget\" data-widget_type=\"image.default\">\n\t\t\t\t<div class=\"elementor-widget-container\">\n\t\t\t\t\t\t\t\t\t\t\t\t\t\t\t<img loading=\"lazy\" decoding=\"async\" width=\"260\" height=\"220\" src=\"http:\/\/solbrasil.co.jp\/wordpress\/wp-content\/uploads\/2024\/08\/logo.jpg\" class=\"attachment-medium size-medium wp-image-192\" alt=\"\" \/>\t\t\t\t\t\t\t\t\t\t\t\t\t\t\t<\/div>\n\t\t\t\t<\/div>\n\t\t\t\t<\/div>\n\t\t<div class=\"elementor-element elementor-element-54f5965 e-con-full e-flex e-con e-child\" data-id=\"54f5965\" data-element_type=\"container\">\n\t\t<div class=\"elementor-element elementor-element-373dc70 e-con-full e-flex e-con e-child\" data-id=\"373dc70\" data-element_type=\"container\">\n\t\t\t\t<div class=\"elementor-element elementor-element-4d2e725 elementor-widget elementor-widget-text-editor\" data-id=\"4d2e725\" data-element_type=\"widget\" data-widget_type=\"text-editor.default\">\n\t\t\t\t<div class=\"elementor-widget-container\">\n\t\t\t\t\t\t\t\t\t\u3012440-0853\nAichi-ken Toyohashi-shi\u00a0Sato 1-9-1\t\t\t\t\t\t\t\t<\/div>\n\t\t\t\t<\/div>\n\t\t\t\t<\/div>\n\t\t<div class=\"elementor-element elementor-element-5870c84 e-con-full e-flex e-con e-child\" data-id=\"5870c84\" data-element_type=\"container\">\n\t\t<div class=\"elementor-element elementor-element-b92c935 e-con-full e-flex e-con e-child\" data-id=\"b92c935\" data-element_type=\"container\">\n\t\t\t\t<div class=\"elementor-element elementor-element-6eb2bd1 elementor-widget elementor-widget-image\" data-id=\"6eb2bd1\" data-element_type=\"widget\" data-widget_type=\"image.default\">\n\t\t\t\t<div class=\"elementor-widget-container\">\n\t\t\t\t\t\t\t\t\t\t\t\t\t\t\t\t<a href=\"tel:1234567890\">\n\t\t\t\t\t\t\t<img loading=\"lazy\" decoding=\"async\" width=\"150\" height=\"150\" src=\"http:\/\/solbrasil.co.jp\/wordpress\/wp-content\/uploads\/2024\/08\/\u96fb\u8a71\u306e\u53d7\u8a71\u5668\u306e\u30a2\u30a4\u30b3\u30f3\u7d20\u6750.svg\" class=\"attachment-thumbnail size-thumbnail wp-image-301\" alt=\"\" \/>\t\t\t\t\t\t\t\t<\/a>\n\t\t\t\t\t\t\t\t\t\t\t\t\t\t\t<\/div>\n\t\t\t\t<\/div>\n\t\t\t\t<\/div>\n\t\t<div class=\"elementor-element elementor-element-04dc43a e-con-full e-flex e-con e-child\" data-id=\"04dc43a\" data-element_type=\"container\">\n\t\t\t\t<div class=\"elementor-element elementor-element-2db4b08 elementor-view-default elementor-widget elementor-widget-icon\" data-id=\"2db4b08\" data-element_type=\"widget\" data-widget_type=\"icon.default\">\n\t\t\t\t<div class=\"elementor-widget-container\">\n\t\t\t\t\t\t\t<div class=\"elementor-icon-wrapper\">\n\t\t\t<a class=\"elementor-icon\" href=\"https:\/\/wa.me\/message\/BHDQMANM3DN6O1\">\n\t\t\t<svg aria-hidden=\"true\" class=\"e-font-icon-svg e-fab-whatsapp\" viewBox=\"0 0 448 512\" xmlns=\"http:\/\/www.w3.org\/2000\/svg\"><path d=\"M380.9 97.1C339 55.1 283.2 32 223.9 32c-122.4 0-222 99.6-222 222 0 39.1 10.2 77.3 29.6 111L0 480l117.7-30.9c32.4 17.7 68.9 27 106.1 27h.1c122.3 0 224.1-99.6 224.1-222 0-59.3-25.2-115-67.1-157zm-157 341.6c-33.2 0-65.7-8.9-94-25.7l-6.7-4-69.8 18.3L72 359.2l-4.4-7c-18.5-29.4-28.2-63.3-28.2-98.2 0-101.7 82.8-184.5 184.6-184.5 49.3 0 95.6 19.2 130.4 54.1 34.8 34.9 56.2 81.2 56.1 130.5 0 101.8-84.9 184.6-186.6 184.6zm101.2-138.2c-5.5-2.8-32.8-16.2-37.9-18-5.1-1.9-8.8-2.8-12.5 2.8-3.7 5.6-14.3 18-17.6 21.8-3.2 3.7-6.5 4.2-12 1.4-32.6-16.3-54-29.1-75.5-66-5.7-9.8 5.7-9.1 16.3-30.3 1.8-3.7.9-6.9-.5-9.7-1.4-2.8-12.5-30.1-17.1-41.2-4.5-10.8-9.1-9.3-12.5-9.5-3.2-.2-6.9-.2-10.6-.2-3.7 0-9.7 1.4-14.8 6.9-5.1 5.6-19.4 19-19.4 46.3 0 27.3 19.9 53.7 22.6 57.4 2.8 3.7 39.1 59.7 94.8 83.8 35.2 15.2 49 16.5 66.6 13.9 10.7-1.6 32.8-13.4 37.4-26.4 4.6-13 4.6-24.1 3.2-26.4-1.3-2.5-5-3.9-10.5-6.6z\"><\/path><\/svg>\t\t\t<\/a>\n\t\t<\/div>\n\t\t\t\t\t\t<\/div>\n\t\t\t\t<\/div>\n\t\t\t\t<\/div>\n\t\t<div class=\"elementor-element elementor-element-b581293 e-con-full e-flex e-con e-child\" data-id=\"b581293\" data-element_type=\"container\">\n\t\t\t\t<div class=\"elementor-element elementor-element-2143657 elementor-widget elementor-widget-image\" data-id=\"2143657\" data-element_type=\"widget\" data-widget_type=\"image.default\">\n\t\t\t\t<div class=\"elementor-widget-container\">\n\t\t\t\t\t\t\t\t\t\t\t\t\t\t\t\t<a href=\"mailto:pill@solbrasil.co.jp\">\n\t\t\t\t\t\t\t<img loading=\"lazy\" decoding=\"async\" width=\"150\" height=\"150\" src=\"http:\/\/solbrasil.co.jp\/wordpress\/wp-content\/uploads\/2024\/08\/\u30e1\u30fc\u30eb\u306e\u7121\u6599\u30a2\u30a4\u30b3\u30f3\u305d\u306e8.svg\" class=\"attachment-thumbnail size-thumbnail wp-image-302\" alt=\"\" \/>\t\t\t\t\t\t\t\t<\/a>\n\t\t\t\t\t\t\t\t\t\t\t\t\t\t\t<\/div>\n\t\t\t\t<\/div>\n\t\t\t\t<\/div>\n\t\t\t\t<\/div>\n\t\t<div class=\"elementor-element elementor-element-b1025c4 e-con-full e-flex e-con e-child\" data-id=\"b1025c4\" data-element_type=\"container\">\n\t\t\t\t<div class=\"elementor-element elementor-element-31fe1d4 elementor-widget elementor-widget-text-editor\" data-id=\"31fe1d4\" data-element_type=\"widget\" data-widget_type=\"text-editor.default\">\n\t\t\t\t<div class=\"elementor-widget-container\">\n\t\t\t\t\t\t\t\t\t<p>segunda a s\u00e1bado 10:00 \u00e0s 20:00<\/p>\t\t\t\t\t\t\t\t<\/div>\n\t\t\t\t<\/div>\n\t\t\t\t<\/div>\n\t\t\t\t<\/div>\n\t\t<div class=\"elementor-element elementor-element-b622ea6 e-con-full e-flex e-con e-child\" data-id=\"b622ea6\" data-element_type=\"container\">\n\t\t\t\t<div class=\"elementor-element elementor-element-455c158 elementor-widget elementor-widget-image\" data-id=\"455c158\" data-element_type=\"widget\" data-settings=\"{&quot;_animation&quot;:&quot;none&quot;}\" data-widget_type=\"image.default\">\n\t\t\t\t<div class=\"elementor-widget-container\">\n\t\t\t\t\t\t\t\t\t\t\t\t\t\t\t\t<a href=\"https:\/\/japan.pill.com.br\/\">\n\t\t\t\t\t\t\t<img loading=\"lazy\" decoding=\"async\" width=\"300\" height=\"96\" src=\"http:\/\/solbrasil.co.jp\/wordpress\/wp-content\/uploads\/2024\/07\/SOLBRASI-button-300x96.png\" class=\"attachment-medium size-medium wp-image-15\" alt=\"\" srcset=\"http:\/\/solbrasil.co.jp\/wordpress\/wp-content\/uploads\/2024\/07\/SOLBRASI-button-300x96.png 300w, http:\/\/solbrasil.co.jp\/wordpress\/wp-content\/uploads\/2024\/07\/SOLBRASI-button.png 500w\" sizes=\"(max-width: 300px) 100vw, 300px\" \/>\t\t\t\t\t\t\t\t<\/a>\n\t\t\t\t\t\t\t\t\t\t\t\t\t\t\t<\/div>\n\t\t\t\t<\/div>\n\t\t\t\t<\/div>\n\t\t\t\t<\/div>\n\t\t\t\t<\/div>\n\t\t\t\t<\/div>\n\t\t\t\t\t<\/div>\n\t\t\t\t<\/div>\n\t\t\t\t<\/div>\n\t\t","protected":false},"excerpt":{"rendered":"<p>COMO COMPRAR PERGUNTAS FREQUENTES QUEN SOMOS GARANTIAS INFORMA\u00c7\u00d5ES LEGAIS E RESTRI\u00c7\u00d5ES Aos clientes da SOLBRAS [&hellip;]<\/p>\n","protected":false},"author":1,"featured_media":0,"parent":0,"menu_order":0,"comment_status":"closed","ping_status":"closed","template":"elementor_canvas","meta":{"footnotes":""},"class_list":["post-94","page","type-page","status-publish","hentry"],"_links":{"self":[{"href":"https:\/\/solbrasil.co.jp\/index.php?rest_route=\/wp\/v2\/pages\/94","targetHints":{"allow":["GET"]}}],"collection":[{"href":"https:\/\/solbrasil.co.jp\/index.php?rest_route=\/wp\/v2\/pages"}],"about":[{"href":"https:\/\/solbrasil.co.jp\/index.php?rest_route=\/wp\/v2\/types\/page"}],"author":[{"embeddable":true,"href":"https:\/\/solbrasil.co.jp\/index.php?rest_route=\/wp\/v2\/users\/1"}],"replies":[{"embeddable":true,"href":"https:\/\/solbrasil.co.jp\/index.php?rest_route=%2Fwp%2Fv2%2Fcomments&post=94"}],"version-history":[{"count":105,"href":"https:\/\/solbrasil.co.jp\/index.php?rest_route=\/wp\/v2\/pages\/94\/revisions"}],"predecessor-version":[{"id":442,"href":"https:\/\/solbrasil.co.jp\/index.php?rest_route=\/wp\/v2\/pages\/94\/revisions\/442"}],"wp:attachment":[{"href":"https:\/\/solbrasil.co.jp\/index.php?rest_route=%2Fwp%2Fv2%2Fmedia&parent=94"}],"curies":[{"name":"wp","href":"https:\/\/api.w.org\/{rel}","templated":true}]}}