{"id":107,"date":"2024-08-02T20:50:16","date_gmt":"2024-08-02T11:50:16","guid":{"rendered":"https:\/\/solbrasil.co.jp\/wordpress\/?page_id=107"},"modified":"2024-08-13T18:16:50","modified_gmt":"2024-08-13T09:16:50","slug":"informacoes-legais-e-restricoes","status":"publish","type":"page","link":"https:\/\/solbrasil.co.jp\/?page_id=107","title":{"rendered":"INFORMA\u00c7\u00d5ES LEGAIS E RESTRI\u00c7\u00d5ES"},"content":{"rendered":"\t\t<div data-elementor-type=\"wp-page\" data-elementor-id=\"107\" class=\"elementor elementor-107\">\n\t\t\t\t<div class=\"elementor-element elementor-element-8b4f214 e-flex e-con-boxed e-con e-parent\" data-id=\"8b4f214\" data-element_type=\"container\">\n\t\t\t\t\t<div class=\"e-con-inner\">\n\t\t<div class=\"elementor-element elementor-element-deda34d e-flex e-con-boxed e-con e-child\" data-id=\"deda34d\" data-element_type=\"container\">\n\t\t\t\t\t<div class=\"e-con-inner\">\n\t\t\t\t<div class=\"elementor-element elementor-element-9ef2e6c elementor-widget elementor-widget-heading\" data-id=\"9ef2e6c\" data-element_type=\"widget\" data-widget_type=\"heading.default\">\n\t\t\t\t<div class=\"elementor-widget-container\">\n\t\t\t\t\t<h5 class=\"elementor-heading-title elementor-size-default\">LEGAL INFORMATION AND RESTRICTIONS<\/h5>\t\t\t\t<\/div>\n\t\t\t\t<\/div>\n\t\t\t\t<div class=\"elementor-element elementor-element-c8beb8e elementor-widget elementor-widget-heading\" data-id=\"c8beb8e\" data-element_type=\"widget\" data-widget_type=\"heading.default\">\n\t\t\t\t<div class=\"elementor-widget-container\">\n\t\t\t\t\t<h1 class=\"elementor-heading-title elementor-size-default\">INFORMA\u00c7\u00d5ES LEGAIS E RESTRI\u00c7\u00d5ES<\/h1>\t\t\t\t<\/div>\n\t\t\t\t<\/div>\n\t\t\t\t\t<\/div>\n\t\t\t\t<\/div>\n\t\t\t\t\t<\/div>\n\t\t\t\t<\/div>\n\t\t<div class=\"elementor-element elementor-element-708fb57 e-flex e-con-boxed e-con e-parent\" data-id=\"708fb57\" data-element_type=\"container\">\n\t\t\t\t\t<div class=\"e-con-inner\">\n\t\t<div class=\"elementor-element elementor-element-699a1d5 e-con-full e-flex e-con e-child\" data-id=\"699a1d5\" data-element_type=\"container\">\n\t\t\t\t<div class=\"elementor-element elementor-element-c2e7969 elementor-widget elementor-widget-text-editor\" data-id=\"c2e7969\" data-element_type=\"widget\" data-widget_type=\"text-editor.default\">\n\t\t\t\t<div class=\"elementor-widget-container\">\n\t\t\t\t\t\t\t\t\t<p>Esta opera\u00e7\u00e3o comercial foi concebida conforme as orienta\u00e7\u00f5es do Minist\u00e9rio da Sa\u00fade, Trabalho e Bem-Estar Social do Jap\u00e3o e da ANVISA (Ag\u00eancia de Vigil\u00e2ncia Sanit\u00e1ria) do Brasil.\u2028<br \/>Voc\u00ea pode comprar os produtos farmac\u00eauticos (rem\u00e9dios, artigos de higiene pessoal ou cosm\u00e9ticos) em quantidades compat\u00ed\u00acveis com o consumo pr\u00f3prio, isto \u00e9:\u00a0medicamentos para consumir em 2 meses ou at\u00e9 12 unidades dos artigos de higiene pessoal ou cosm\u00e9ticos.\u2028<br \/>Voc\u00ea n\u00e3o pode revender\/dar\/oferecer estes produtos a terceiros, como amigos ou vizinhos.<br \/><br \/>Voc\u00ea est\u00e1 adquirindo produtos que foram testados, registrados e liberados para comercializa\u00e7\u00e3o no Brasil pelo Minist\u00e9rio da Sa\u00fade brasileiro, por\u00e9m n\u00e3o foram testados ou aprovados pelo Minist\u00e9rio da Sa\u00fade do Jap\u00e3o; portanto voc\u00ea s\u00f3 deve compr\u00e1-los se tiver s\u00f3lido conhecimento destes produtos e total confian\u00e7a no fabricante.<br \/><br \/>N\u00e3o \u00e9 poss\u00edvel\u00a0A TROCA\u00a0de qualquer produto adquirido, mas o fornecedor brasileiro (PILL Farm\u00e1cia Digital) e o seu representante no Jap\u00e3o (SOLBRASIL) garantem que voc\u00ea receber\u00e1 itens que eventualmente n\u00e3o tenham sido enviados conforme o pedido original (faltas\/enganos\/artigos defeituosos\/danificados ou fora da validade).\u2028<br \/>A opera\u00e7\u00e3o depende da atua\u00e7\u00e3o de terceiros (correios), portanto os prazos informados s\u00e3o apenas previs\u00f5es. Nem o fornecedor (PILL Farm\u00e1cia Digital), nem o representante (SOLBRASIL), responsabilizam-se por atrasos resultantes de fatos que n\u00e3o est\u00e3o sob o seu controle.\u2028<br \/>Nosso atendimento n\u00e3o se presta a compras de URG\u00caNCIA.\u2028<br \/>As compras no valor de at\u00e9 US$300 normalmente s\u00e3o entregues sem nenhuma taxa\u00e7\u00e3o alfandeg\u00e1ria; para valores superiores voc\u00ea pode estar sujeito \u00e0 cobran\u00e7a do imposto de importa\u00e7\u00e3o, no ato da entrega.<br \/><br \/>Nunca deixe de verificar a validade de qualquer produto.<br \/>Aeross\u00f3is\u00a0(embalados sob press\u00e3o) n\u00e3o podem ser embarcados como carga a\u00e9rea.<\/p>\t\t\t\t\t\t\t\t<\/div>\n\t\t\t\t<\/div>\n\t\t\t\t<\/div>\n\t\t\t\t\t<\/div>\n\t\t\t\t<\/div>\n\t\t\t\t<\/div>\n\t\t","protected":false},"excerpt":{"rendered":"<p>LEGAL INFORMATION AND RESTRICTIONS INFORMA\u00c7\u00d5ES LEGAIS E RESTRI\u00c7\u00d5ES Esta opera\u00e7\u00e3o comercial foi concebida confo [&hellip;]<\/p>\n","protected":false},"author":1,"featured_media":0,"parent":0,"menu_order":0,"comment_status":"closed","ping_status":"closed","template":"","meta":{"footnotes":""},"class_list":["post-107","page","type-page","status-publish","hentry"],"_links":{"self":[{"href":"https:\/\/solbrasil.co.jp\/index.php?rest_route=\/wp\/v2\/pages\/107","targetHints":{"allow":["GET"]}}],"collection":[{"href":"https:\/\/solbrasil.co.jp\/index.php?rest_route=\/wp\/v2\/pages"}],"about":[{"href":"https:\/\/solbrasil.co.jp\/index.php?rest_route=\/wp\/v2\/types\/page"}],"author":[{"embeddable":true,"href":"https:\/\/solbrasil.co.jp\/index.php?rest_route=\/wp\/v2\/users\/1"}],"replies":[{"embeddable":true,"href":"https:\/\/solbrasil.co.jp\/index.php?rest_route=%2Fwp%2Fv2%2Fcomments&post=107"}],"version-history":[{"count":10,"href":"https:\/\/solbrasil.co.jp\/index.php?rest_route=\/wp\/v2\/pages\/107\/revisions"}],"predecessor-version":[{"id":365,"href":"https:\/\/solbrasil.co.jp\/index.php?rest_route=\/wp\/v2\/pages\/107\/revisions\/365"}],"wp:attachment":[{"href":"https:\/\/solbrasil.co.jp\/index.php?rest_route=%2Fwp%2Fv2%2Fmedia&parent=107"}],"curies":[{"name":"wp","href":"https:\/\/api.w.org\/{rel}","templated":true}]}}