{"id":105,"date":"2024-08-02T20:42:58","date_gmt":"2024-08-02T11:42:58","guid":{"rendered":"https:\/\/solbrasil.co.jp\/wordpress\/?page_id=105"},"modified":"2024-08-13T18:15:12","modified_gmt":"2024-08-13T09:15:12","slug":"garantias","status":"publish","type":"page","link":"https:\/\/solbrasil.co.jp\/?page_id=105","title":{"rendered":"GARANTIAS"},"content":{"rendered":"\t\t<div data-elementor-type=\"wp-page\" data-elementor-id=\"105\" class=\"elementor elementor-105\">\n\t\t\t\t<div class=\"elementor-element elementor-element-91ceb1d e-flex e-con-boxed e-con e-parent\" data-id=\"91ceb1d\" data-element_type=\"container\">\n\t\t\t\t\t<div class=\"e-con-inner\">\n\t\t<div class=\"elementor-element elementor-element-ac60132 e-con-full e-flex e-con e-child\" data-id=\"ac60132\" data-element_type=\"container\">\n\t\t<div class=\"elementor-element elementor-element-a8e2e75 e-flex e-con-boxed e-con e-child\" data-id=\"a8e2e75\" data-element_type=\"container\">\n\t\t\t\t\t<div class=\"e-con-inner\">\n\t\t\t\t<div class=\"elementor-element elementor-element-76e0a4e elementor-widget elementor-widget-heading\" data-id=\"76e0a4e\" data-element_type=\"widget\" data-widget_type=\"heading.default\">\n\t\t\t\t<div class=\"elementor-widget-container\">\n\t\t\t\t\t<h5 class=\"elementor-heading-title elementor-size-default\">GUARANTEES<\/h5>\t\t\t\t<\/div>\n\t\t\t\t<\/div>\n\t\t\t\t<div class=\"elementor-element elementor-element-c37fc23 elementor-widget elementor-widget-heading\" data-id=\"c37fc23\" data-element_type=\"widget\" data-widget_type=\"heading.default\">\n\t\t\t\t<div class=\"elementor-widget-container\">\n\t\t\t\t\t<h1 class=\"elementor-heading-title elementor-size-default\">GARANTIAS<\/h1>\t\t\t\t<\/div>\n\t\t\t\t<\/div>\n\t\t\t\t\t<\/div>\n\t\t\t\t<\/div>\n\t\t\t\t<\/div>\n\t\t\t\t\t<\/div>\n\t\t\t\t<\/div>\n\t\t<div class=\"elementor-element elementor-element-9eeb305 e-flex e-con-boxed e-con e-parent\" data-id=\"9eeb305\" data-element_type=\"container\">\n\t\t\t\t\t<div class=\"e-con-inner\">\n\t\t<div class=\"elementor-element elementor-element-087b778 e-con-full e-flex e-con e-child\" data-id=\"087b778\" data-element_type=\"container\">\n\t\t<div class=\"elementor-element elementor-element-e56b177 e-con-full e-flex e-con e-child\" data-id=\"e56b177\" data-element_type=\"container\">\n\t\t\t\t<div class=\"elementor-element elementor-element-48b6c94 elementor-widget elementor-widget-text-editor\" data-id=\"48b6c94\" data-element_type=\"widget\" data-widget_type=\"text-editor.default\">\n\t\t\t\t<div class=\"elementor-widget-container\">\n\t\t\t\t\t\t\t\t\t<p>O representante no Jap\u00e3o\u00a0(SOLBRASIL)\u00a0garante o\u00a0reembolso integral do seu pagamento\u00a0no caso da entrega n\u00e3o ocorrer, por qualquer motivo, no prazo de 45 dias a contar do pagamento.<br \/>\u2028<br \/>O fornecedor brasileiro\u00a0(PILL Farm\u00e1cia Digital)\u00a0garante a reposi\u00e7\u00e3o de artigos entregues em desconformidade com o pedido original, de artigos danificados, defeituosos ou fora da validade.<br \/>\u2028<br \/>PILL Farm\u00e1cia Digital\u00a0e\u00a0SOLBRASIL\u00a0assumem inteira responsabilidade perante o p\u00fablico consumidor brasileiro no Jap\u00e3o de que esta atividade est\u00e1 sendo conduzida em total conformidade com a legisla\u00e7\u00e3o vigente respectivamente no Brasil e no Jap\u00e3o.<br \/>\u2028\u00a0<br \/>O\u00a0Minist\u00e9rio da Sa\u00fade do Jap\u00e3o, uma vez que n\u00e3o analisou estes produtos importados diretamente pelo consumidor, n\u00e3o oferece nenhuma garantia de qualidade, recomendando aos consumidores que s\u00f3 comprem se conhecerem muito bem os produtos e confiarem completamente nos fabricantes.<\/p>\t\t\t\t\t\t\t\t<\/div>\n\t\t\t\t<\/div>\n\t\t\t\t<\/div>\n\t\t\t\t<\/div>\n\t\t\t\t\t<\/div>\n\t\t\t\t<\/div>\n\t\t\t\t<\/div>\n\t\t","protected":false},"excerpt":{"rendered":"<p>GUARANTEES GARANTIAS O representante no Jap\u00e3o\u00a0(SOLBRASIL)\u00a0garante o\u00a0reembolso integral do seu pagamento\u00a0no cas [&hellip;]<\/p>\n","protected":false},"author":1,"featured_media":0,"parent":0,"menu_order":0,"comment_status":"closed","ping_status":"closed","template":"","meta":{"footnotes":""},"class_list":["post-105","page","type-page","status-publish","hentry"],"_links":{"self":[{"href":"https:\/\/solbrasil.co.jp\/index.php?rest_route=\/wp\/v2\/pages\/105","targetHints":{"allow":["GET"]}}],"collection":[{"href":"https:\/\/solbrasil.co.jp\/index.php?rest_route=\/wp\/v2\/pages"}],"about":[{"href":"https:\/\/solbrasil.co.jp\/index.php?rest_route=\/wp\/v2\/types\/page"}],"author":[{"embeddable":true,"href":"https:\/\/solbrasil.co.jp\/index.php?rest_route=\/wp\/v2\/users\/1"}],"replies":[{"embeddable":true,"href":"https:\/\/solbrasil.co.jp\/index.php?rest_route=%2Fwp%2Fv2%2Fcomments&post=105"}],"version-history":[{"count":10,"href":"https:\/\/solbrasil.co.jp\/index.php?rest_route=\/wp\/v2\/pages\/105\/revisions"}],"predecessor-version":[{"id":359,"href":"https:\/\/solbrasil.co.jp\/index.php?rest_route=\/wp\/v2\/pages\/105\/revisions\/359"}],"wp:attachment":[{"href":"https:\/\/solbrasil.co.jp\/index.php?rest_route=%2Fwp%2Fv2%2Fmedia&parent=105"}],"curies":[{"name":"wp","href":"https:\/\/api.w.org\/{rel}","templated":true}]}}