{"id":101,"date":"2024-08-02T21:35:26","date_gmt":"2024-08-02T12:35:26","guid":{"rendered":"https:\/\/solbrasil.co.jp\/wordpress\/?page_id=101"},"modified":"2024-08-13T19:09:47","modified_gmt":"2024-08-13T10:09:47","slug":"perguntas-frequentes","status":"publish","type":"page","link":"https:\/\/solbrasil.co.jp\/?page_id=101","title":{"rendered":"COMO COMPRAR"},"content":{"rendered":"\t\t<div data-elementor-type=\"wp-page\" data-elementor-id=\"101\" class=\"elementor elementor-101\">\n\t\t\t\t<div class=\"elementor-element elementor-element-53ebadb e-flex e-con-boxed e-con e-parent\" data-id=\"53ebadb\" data-element_type=\"container\">\n\t\t\t\t\t<div class=\"e-con-inner\">\n\t\t<div class=\"elementor-element elementor-element-91f068b e-con-full e-flex e-con e-child\" data-id=\"91f068b\" data-element_type=\"container\">\n\t\t<div class=\"elementor-element elementor-element-91cb120 e-con-full e-flex e-con e-child\" data-id=\"91cb120\" data-element_type=\"container\">\n\t\t\t\t<div class=\"elementor-element elementor-element-8b258a3 elementor-widget elementor-widget-heading\" data-id=\"8b258a3\" data-element_type=\"widget\" data-widget_type=\"heading.default\">\n\t\t\t\t<div class=\"elementor-widget-container\">\n\t\t\t\t\t<h5 class=\"elementor-heading-title elementor-size-default\">Some things you should know so we can serve you better<\/h5>\t\t\t\t<\/div>\n\t\t\t\t<\/div>\n\t\t\t\t<div class=\"elementor-element elementor-element-5793de9 elementor-widget elementor-widget-heading\" data-id=\"5793de9\" data-element_type=\"widget\" data-widget_type=\"heading.default\">\n\t\t\t\t<div class=\"elementor-widget-container\">\n\t\t\t\t\t<h1 class=\"elementor-heading-title elementor-size-default\">Algumas coisas que voc\u00ea deve saber para que possamos atend\u00ea-lo melhor<\/h1>\t\t\t\t<\/div>\n\t\t\t\t<\/div>\n\t\t\t\t<\/div>\n\t\t\t\t<\/div>\n\t\t\t\t\t<\/div>\n\t\t\t\t<\/div>\n\t\t<div class=\"elementor-element elementor-element-81f384b e-flex e-con-boxed e-con e-parent\" data-id=\"81f384b\" data-element_type=\"container\">\n\t\t\t\t\t<div class=\"e-con-inner\">\n\t\t<div class=\"elementor-element elementor-element-3e932ad e-con-full e-flex e-con e-child\" data-id=\"3e932ad\" data-element_type=\"container\">\n\t\t<div class=\"elementor-element elementor-element-2a7c73d e-con-full e-flex e-con e-child\" data-id=\"2a7c73d\" data-element_type=\"container\">\n\t\t<div class=\"elementor-element elementor-element-e761ae6 e-con-full e-flex e-con e-child\" data-id=\"e761ae6\" data-element_type=\"container\">\n\t\t<div class=\"elementor-element elementor-element-61698f6 e-con-full e-flex e-con e-child\" data-id=\"61698f6\" data-element_type=\"container\">\n\t\t<div class=\"elementor-element elementor-element-a9aad22 e-con-full e-flex e-con e-child\" data-id=\"a9aad22\" data-element_type=\"container\">\n\t\t<div class=\"elementor-element elementor-element-aa72f4f e-con-full e-flex e-con e-child\" data-id=\"aa72f4f\" data-element_type=\"container\">\n\t\t\t\t<div class=\"elementor-element elementor-element-72ab064 elementor-widget__width-auto elementor-widget elementor-widget-heading\" data-id=\"72ab064\" data-element_type=\"widget\" data-widget_type=\"heading.default\">\n\t\t\t\t<div class=\"elementor-widget-container\">\n\t\t\t\t\t<h4 class=\"elementor-heading-title elementor-size-default\">1<\/h4>\t\t\t\t<\/div>\n\t\t\t\t<\/div>\n\t\t\t\t<\/div>\n\t\t<div class=\"elementor-element elementor-element-71e22d3 e-con-full e-flex e-con e-child\" data-id=\"71e22d3\" data-element_type=\"container\">\n\t\t\t\t<div class=\"elementor-element elementor-element-4fef454 elementor-widget elementor-widget-heading\" data-id=\"4fef454\" data-element_type=\"widget\" data-widget_type=\"heading.default\">\n\t\t\t\t<div class=\"elementor-widget-container\">\n\t\t\t\t\t<h5 class=\"elementor-heading-title elementor-size-default\">Cadastro e procedimento de compra<\/h5>\t\t\t\t<\/div>\n\t\t\t\t<\/div>\n\t\t\t\t<\/div>\n\t\t\t\t<\/div>\n\t\t<div class=\"elementor-element elementor-element-2b5b2d4 e-con-full e-flex e-con e-child\" data-id=\"2b5b2d4\" data-element_type=\"container\">\n\t\t<div class=\"elementor-element elementor-element-8482a74 e-con-full e-flex e-con e-child\" data-id=\"8482a74\" data-element_type=\"container\">\n\t\t\t\t<div class=\"elementor-element elementor-element-248f3e6 elementor-widget elementor-widget-text-editor\" data-id=\"248f3e6\" data-element_type=\"widget\" data-widget_type=\"text-editor.default\">\n\t\t\t\t<div class=\"elementor-widget-container\">\n\t\t\t\t\t\t\t\t\t<p>Acesse\u00a0<a href=\"https:\/\/japan.pill.com.br\/\">japan.pill.com.br<\/a>, cadastre-se e fa\u00e7a login com o usu\u00e1rio e senha fornecidos pelo sistema. Escolha os produtos usando a ferramenta de busca e especifique as quantidades que deseja, compondo seu carrinho de compras.\u2028\u00c9 o procedimento normal de qualquer loja virtual.<\/p>\t\t\t\t\t\t\t\t<\/div>\n\t\t\t\t<\/div>\n\t\t\t\t<\/div>\n\t\t\t\t<\/div>\n\t\t\t\t<\/div>\n\t\t\t\t<div class=\"elementor-element elementor-element-ccb9f07 elementor-widget elementor-widget-spacer\" data-id=\"ccb9f07\" data-element_type=\"widget\" data-widget_type=\"spacer.default\">\n\t\t\t\t<div class=\"elementor-widget-container\">\n\t\t\t\t\t\t\t<div class=\"elementor-spacer\">\n\t\t\t<div class=\"elementor-spacer-inner\"><\/div>\n\t\t<\/div>\n\t\t\t\t\t\t<\/div>\n\t\t\t\t<\/div>\n\t\t<div class=\"elementor-element elementor-element-bd082cf e-con-full e-flex e-con e-child\" data-id=\"bd082cf\" data-element_type=\"container\">\n\t\t<div class=\"elementor-element elementor-element-2c9fb8a e-con-full e-flex e-con e-child\" data-id=\"2c9fb8a\" data-element_type=\"container\">\n\t\t<div class=\"elementor-element elementor-element-2969877 e-con-full e-flex e-con e-child\" data-id=\"2969877\" data-element_type=\"container\">\n\t\t\t\t<div class=\"elementor-element elementor-element-fae21df elementor-widget__width-auto elementor-widget elementor-widget-heading\" data-id=\"fae21df\" data-element_type=\"widget\" data-widget_type=\"heading.default\">\n\t\t\t\t<div class=\"elementor-widget-container\">\n\t\t\t\t\t<h4 class=\"elementor-heading-title elementor-size-default\">2<\/h4>\t\t\t\t<\/div>\n\t\t\t\t<\/div>\n\t\t\t\t<\/div>\n\t\t<div class=\"elementor-element elementor-element-b8fad6d e-con-full e-flex e-con e-child\" data-id=\"b8fad6d\" data-element_type=\"container\">\n\t\t\t\t<div class=\"elementor-element elementor-element-c719b70 elementor-widget elementor-widget-heading\" data-id=\"c719b70\" data-element_type=\"widget\" data-widget_type=\"heading.default\">\n\t\t\t\t<div class=\"elementor-widget-container\">\n\t\t\t\t\t<h5 class=\"elementor-heading-title elementor-size-default\">Restri\u00e7\u00e3o de quantidades<\/h5>\t\t\t\t<\/div>\n\t\t\t\t<\/div>\n\t\t\t\t<\/div>\n\t\t\t\t<\/div>\n\t\t<div class=\"elementor-element elementor-element-c14f977 e-con-full e-flex e-con e-child\" data-id=\"c14f977\" data-element_type=\"container\">\n\t\t<div class=\"elementor-element elementor-element-7409dee e-con-full e-flex e-con e-child\" data-id=\"7409dee\" data-element_type=\"container\">\n\t\t\t\t<div class=\"elementor-element elementor-element-41f1d5e elementor-widget elementor-widget-text-editor\" data-id=\"41f1d5e\" data-element_type=\"widget\" data-widget_type=\"text-editor.default\">\n\t\t\t\t<div class=\"elementor-widget-container\">\n\t\t\t\t\t\t\t\t\t<p>Observe que h\u00e1\u00a0restri\u00e7\u00e3o de quantidades: em princ\u00edpio voc\u00ea pode adquirir quantos itens precisar, por\u00e9m, de cada um deles, s\u00f3 \u00e9 permitida uma quantidade poss\u00edvel de ser consumida em at\u00e9 2 meses.<\/p>\t\t\t\t\t\t\t\t<\/div>\n\t\t\t\t<\/div>\n\t\t\t\t<\/div>\n\t\t\t\t<\/div>\n\t\t\t\t<\/div>\n\t\t\t\t<div class=\"elementor-element elementor-element-acf38d2 elementor-widget elementor-widget-spacer\" data-id=\"acf38d2\" data-element_type=\"widget\" data-widget_type=\"spacer.default\">\n\t\t\t\t<div class=\"elementor-widget-container\">\n\t\t\t\t\t\t\t<div class=\"elementor-spacer\">\n\t\t\t<div class=\"elementor-spacer-inner\"><\/div>\n\t\t<\/div>\n\t\t\t\t\t\t<\/div>\n\t\t\t\t<\/div>\n\t\t<div class=\"elementor-element elementor-element-56144d5 e-con-full e-flex e-con e-child\" data-id=\"56144d5\" data-element_type=\"container\">\n\t\t<div class=\"elementor-element elementor-element-78268ca e-con-full e-flex e-con e-child\" data-id=\"78268ca\" data-element_type=\"container\">\n\t\t<div class=\"elementor-element elementor-element-9c748f6 e-con-full e-flex e-con e-child\" data-id=\"9c748f6\" data-element_type=\"container\">\n\t\t\t\t<div class=\"elementor-element elementor-element-0e01bfd elementor-widget__width-auto elementor-widget elementor-widget-heading\" data-id=\"0e01bfd\" data-element_type=\"widget\" data-widget_type=\"heading.default\">\n\t\t\t\t<div class=\"elementor-widget-container\">\n\t\t\t\t\t<h4 class=\"elementor-heading-title elementor-size-default\">3<\/h4>\t\t\t\t<\/div>\n\t\t\t\t<\/div>\n\t\t\t\t<\/div>\n\t\t<div class=\"elementor-element elementor-element-4db43bb e-con-full e-flex e-con e-child\" data-id=\"4db43bb\" data-element_type=\"container\">\n\t\t\t\t<div class=\"elementor-element elementor-element-6e1cc65 elementor-widget elementor-widget-heading\" data-id=\"6e1cc65\" data-element_type=\"widget\" data-widget_type=\"heading.default\">\n\t\t\t\t<div class=\"elementor-widget-container\">\n\t\t\t\t\t<h5 class=\"elementor-heading-title elementor-size-default\">Receita m\u00e9dica para medicamentos tarjados<\/h5>\t\t\t\t<\/div>\n\t\t\t\t<\/div>\n\t\t\t\t<\/div>\n\t\t\t\t<\/div>\n\t\t<div class=\"elementor-element elementor-element-d00f1fe e-con-full e-flex e-con e-child\" data-id=\"d00f1fe\" data-element_type=\"container\">\n\t\t<div class=\"elementor-element elementor-element-21ee153 e-con-full e-flex e-con e-child\" data-id=\"21ee153\" data-element_type=\"container\">\n\t\t\t\t<div class=\"elementor-element elementor-element-85cb58e elementor-widget elementor-widget-text-editor\" data-id=\"85cb58e\" data-element_type=\"widget\" data-widget_type=\"text-editor.default\">\n\t\t\t\t<div class=\"elementor-widget-container\">\n\t\t\t\t\t\t\t\t\t<p>Se voc\u00ea precisa de algum\u00a0medicamento de tarja vermelha, ser\u00e1 necess\u00e1rio apresentar uma\u00a0receita m\u00e9dica. Se n\u00e3o disp\u00f5e dela, podemos encaminh\u00e1-lo para uma tele consulta com os cl\u00ednicos gerais ou especialistas da\u00a0Vithadoc Health\u00a0no Brasil, para a avalia\u00e7\u00e3o e orienta\u00e7\u00e3o necess\u00e1rias. Por favor, entre em contato com nossa Central de Atendimento no Jap\u00e3o.<\/p>\t\t\t\t\t\t\t\t<\/div>\n\t\t\t\t<\/div>\n\t\t\t\t<\/div>\n\t\t\t\t<\/div>\n\t\t\t\t<\/div>\n\t\t\t\t<div class=\"elementor-element elementor-element-79bbc33 elementor-widget elementor-widget-spacer\" data-id=\"79bbc33\" data-element_type=\"widget\" data-widget_type=\"spacer.default\">\n\t\t\t\t<div class=\"elementor-widget-container\">\n\t\t\t\t\t\t\t<div class=\"elementor-spacer\">\n\t\t\t<div class=\"elementor-spacer-inner\"><\/div>\n\t\t<\/div>\n\t\t\t\t\t\t<\/div>\n\t\t\t\t<\/div>\n\t\t<div class=\"elementor-element elementor-element-380af15 e-con-full e-flex e-con e-child\" data-id=\"380af15\" data-element_type=\"container\">\n\t\t<div class=\"elementor-element elementor-element-76e9cc3 e-con-full e-flex e-con e-child\" data-id=\"76e9cc3\" data-element_type=\"container\">\n\t\t<div class=\"elementor-element elementor-element-f39ce97 e-con-full e-flex e-con e-child\" data-id=\"f39ce97\" data-element_type=\"container\">\n\t\t\t\t<div class=\"elementor-element elementor-element-9488362 elementor-widget__width-auto elementor-widget elementor-widget-heading\" data-id=\"9488362\" data-element_type=\"widget\" data-widget_type=\"heading.default\">\n\t\t\t\t<div class=\"elementor-widget-container\">\n\t\t\t\t\t<h4 class=\"elementor-heading-title elementor-size-default\">4<\/h4>\t\t\t\t<\/div>\n\t\t\t\t<\/div>\n\t\t\t\t<\/div>\n\t\t<div class=\"elementor-element elementor-element-f837353 e-con-full e-flex e-con e-child\" data-id=\"f837353\" data-element_type=\"container\">\n\t\t\t\t<div class=\"elementor-element elementor-element-15cd04f elementor-widget elementor-widget-heading\" data-id=\"15cd04f\" data-element_type=\"widget\" data-widget_type=\"heading.default\">\n\t\t\t\t<div class=\"elementor-widget-container\">\n\t\t\t\t\t<h5 class=\"elementor-heading-title elementor-size-default\">Meio de pagamento<\/h5>\t\t\t\t<\/div>\n\t\t\t\t<\/div>\n\t\t\t\t<\/div>\n\t\t\t\t<\/div>\n\t\t<div class=\"elementor-element elementor-element-85a082d e-con-full e-flex e-con e-child\" data-id=\"85a082d\" data-element_type=\"container\">\n\t\t<div class=\"elementor-element elementor-element-2917e77 e-con-full e-flex e-con e-child\" data-id=\"2917e77\" data-element_type=\"container\">\n\t\t\t\t<div class=\"elementor-element elementor-element-005b9f5 elementor-widget elementor-widget-text-editor\" data-id=\"005b9f5\" data-element_type=\"widget\" data-widget_type=\"text-editor.default\">\n\t\t\t\t<div class=\"elementor-widget-container\">\n\t\t\t\t\t\t\t\t\t<p>No momento, est\u00e1 dispon\u00edvel apenas o pagamento atrav\u00e9s de\u00a0dep\u00f3sito em nossa conta do correio. Veja como o procedimento \u00e9 simples.\u2028Aten\u00e7\u00e3o: voc\u00ea ter\u00e1 direito a um\u00a0desconto promocional de \u00a5500!\u00a0Pe\u00e7a o seu cupom de desconto ligando para a nossa Central de Atendimento no Jap\u00e3o.<\/p>\t\t\t\t\t\t\t\t<\/div>\n\t\t\t\t<\/div>\n\t\t\t\t<\/div>\n\t\t\t\t<\/div>\n\t\t\t\t<\/div>\n\t\t\t\t<div class=\"elementor-element elementor-element-1769a18 elementor-widget elementor-widget-spacer\" data-id=\"1769a18\" data-element_type=\"widget\" data-widget_type=\"spacer.default\">\n\t\t\t\t<div class=\"elementor-widget-container\">\n\t\t\t\t\t\t\t<div class=\"elementor-spacer\">\n\t\t\t<div class=\"elementor-spacer-inner\"><\/div>\n\t\t<\/div>\n\t\t\t\t\t\t<\/div>\n\t\t\t\t<\/div>\n\t\t<div class=\"elementor-element elementor-element-459faae e-con-full e-flex e-con e-child\" data-id=\"459faae\" data-element_type=\"container\">\n\t\t<div class=\"elementor-element elementor-element-9eb6a68 e-con-full e-flex e-con e-child\" data-id=\"9eb6a68\" data-element_type=\"container\">\n\t\t<div class=\"elementor-element elementor-element-1053179 e-con-full e-flex e-con e-child\" data-id=\"1053179\" data-element_type=\"container\">\n\t\t\t\t<div class=\"elementor-element elementor-element-62755fd elementor-widget__width-auto elementor-widget elementor-widget-heading\" data-id=\"62755fd\" data-element_type=\"widget\" data-widget_type=\"heading.default\">\n\t\t\t\t<div class=\"elementor-widget-container\">\n\t\t\t\t\t<h4 class=\"elementor-heading-title elementor-size-default\">5<\/h4>\t\t\t\t<\/div>\n\t\t\t\t<\/div>\n\t\t\t\t<\/div>\n\t\t<div class=\"elementor-element elementor-element-6e48b02 e-con-full e-flex e-con e-child\" data-id=\"6e48b02\" data-element_type=\"container\">\n\t\t\t\t<div class=\"elementor-element elementor-element-582858b elementor-widget elementor-widget-heading\" data-id=\"582858b\" data-element_type=\"widget\" data-widget_type=\"heading.default\">\n\t\t\t\t<div class=\"elementor-widget-container\">\n\t\t\t\t\t<h5 class=\"elementor-heading-title elementor-size-default\">Frete \u00fanico<\/h5>\t\t\t\t<\/div>\n\t\t\t\t<\/div>\n\t\t\t\t<\/div>\n\t\t\t\t<\/div>\n\t\t<div class=\"elementor-element elementor-element-46d3a4e e-con-full e-flex e-con e-child\" data-id=\"46d3a4e\" data-element_type=\"container\">\n\t\t<div class=\"elementor-element elementor-element-d1ce079 e-con-full e-flex e-con e-child\" data-id=\"d1ce079\" data-element_type=\"container\">\n\t\t\t\t<div class=\"elementor-element elementor-element-c45b3aa elementor-widget elementor-widget-text-editor\" data-id=\"c45b3aa\" data-element_type=\"widget\" data-widget_type=\"text-editor.default\">\n\t\t\t\t<div class=\"elementor-widget-container\">\n\t\t\t\t\t\t\t\t\t<p>No momento, estamos trabalhando com frete \u00fanico para\u00a0pacotes de at\u00e9 2Kg. Se tiver dificuldades neste aspecto, entre em contato com nossa Central de Atendimento no Jap\u00e3o.<\/p>\t\t\t\t\t\t\t\t<\/div>\n\t\t\t\t<\/div>\n\t\t\t\t<\/div>\n\t\t\t\t<\/div>\n\t\t\t\t<\/div>\n\t\t\t\t<div class=\"elementor-element elementor-element-65590e0 elementor-widget elementor-widget-spacer\" data-id=\"65590e0\" data-element_type=\"widget\" data-widget_type=\"spacer.default\">\n\t\t\t\t<div class=\"elementor-widget-container\">\n\t\t\t\t\t\t\t<div class=\"elementor-spacer\">\n\t\t\t<div class=\"elementor-spacer-inner\"><\/div>\n\t\t<\/div>\n\t\t\t\t\t\t<\/div>\n\t\t\t\t<\/div>\n\t\t<div class=\"elementor-element elementor-element-0b08df8 e-con-full e-flex e-con e-child\" data-id=\"0b08df8\" data-element_type=\"container\">\n\t\t<div class=\"elementor-element elementor-element-ff364e7 e-con-full e-flex e-con e-child\" data-id=\"ff364e7\" data-element_type=\"container\">\n\t\t<div class=\"elementor-element elementor-element-69c5013 e-con-full e-flex e-con e-child\" data-id=\"69c5013\" data-element_type=\"container\">\n\t\t\t\t<div class=\"elementor-element elementor-element-35f9cf4 elementor-widget__width-auto elementor-widget elementor-widget-heading\" data-id=\"35f9cf4\" data-element_type=\"widget\" data-widget_type=\"heading.default\">\n\t\t\t\t<div class=\"elementor-widget-container\">\n\t\t\t\t\t<h4 class=\"elementor-heading-title elementor-size-default\">6<\/h4>\t\t\t\t<\/div>\n\t\t\t\t<\/div>\n\t\t\t\t<\/div>\n\t\t<div class=\"elementor-element elementor-element-860263b e-con-full e-flex e-con e-child\" data-id=\"860263b\" data-element_type=\"container\">\n\t\t\t\t<div class=\"elementor-element elementor-element-86cd3a6 elementor-widget elementor-widget-heading\" data-id=\"86cd3a6\" data-element_type=\"widget\" data-widget_type=\"heading.default\">\n\t\t\t\t<div class=\"elementor-widget-container\">\n\t\t\t\t\t<h5 class=\"elementor-heading-title elementor-size-default\">Despacho da encomenda<\/h5>\t\t\t\t<\/div>\n\t\t\t\t<\/div>\n\t\t\t\t<\/div>\n\t\t\t\t<\/div>\n\t\t<div class=\"elementor-element elementor-element-24fa544 e-con-full e-flex e-con e-child\" data-id=\"24fa544\" data-element_type=\"container\">\n\t\t<div class=\"elementor-element elementor-element-203efb0 e-con-full e-flex e-con e-child\" data-id=\"203efb0\" data-element_type=\"container\">\n\t\t\t\t<div class=\"elementor-element elementor-element-11ea322 elementor-widget elementor-widget-text-editor\" data-id=\"11ea322\" data-element_type=\"widget\" data-widget_type=\"text-editor.default\">\n\t\t\t\t<div class=\"elementor-widget-container\">\n\t\t\t\t\t\t\t\t\tNo primeiro dia \u00fatil ap\u00f3s o pagamento, seu pedido ser\u00e1 liberado para\u00a0despacho\u00a0pela \nPILL Farm\u00e1cia Digital l\u00e1 do Brasil, chegando diretamente na sua casa aqui no Jap\u00e3o em\u00a02 a 3 semanas.\t\t\t\t\t\t\t\t<\/div>\n\t\t\t\t<\/div>\n\t\t\t\t<\/div>\n\t\t\t\t<\/div>\n\t\t\t\t<\/div>\n\t\t\t\t<div class=\"elementor-element elementor-element-74269ea elementor-widget elementor-widget-spacer\" data-id=\"74269ea\" data-element_type=\"widget\" data-widget_type=\"spacer.default\">\n\t\t\t\t<div class=\"elementor-widget-container\">\n\t\t\t\t\t\t\t<div class=\"elementor-spacer\">\n\t\t\t<div class=\"elementor-spacer-inner\"><\/div>\n\t\t<\/div>\n\t\t\t\t\t\t<\/div>\n\t\t\t\t<\/div>\n\t\t<div class=\"elementor-element elementor-element-4c21b64 e-con-full e-flex e-con e-child\" data-id=\"4c21b64\" data-element_type=\"container\">\n\t\t<div class=\"elementor-element elementor-element-77e3efa e-con-full e-flex e-con e-child\" data-id=\"77e3efa\" data-element_type=\"container\">\n\t\t<div class=\"elementor-element elementor-element-149aec5 e-con-full e-flex e-con e-child\" data-id=\"149aec5\" data-element_type=\"container\">\n\t\t\t\t<div class=\"elementor-element elementor-element-0b6128d elementor-widget__width-auto elementor-widget elementor-widget-heading\" data-id=\"0b6128d\" data-element_type=\"widget\" data-widget_type=\"heading.default\">\n\t\t\t\t<div class=\"elementor-widget-container\">\n\t\t\t\t\t<h4 class=\"elementor-heading-title elementor-size-default\">7<\/h4>\t\t\t\t<\/div>\n\t\t\t\t<\/div>\n\t\t\t\t<\/div>\n\t\t<div class=\"elementor-element elementor-element-7735c0d e-con-full e-flex e-con e-child\" data-id=\"7735c0d\" data-element_type=\"container\">\n\t\t\t\t<div class=\"elementor-element elementor-element-328df29 elementor-widget elementor-widget-heading\" data-id=\"328df29\" data-element_type=\"widget\" data-widget_type=\"heading.default\">\n\t\t\t\t<div class=\"elementor-widget-container\">\n\t\t\t\t\t<h5 class=\"elementor-heading-title elementor-size-default\">Central SolBrasil de Atendimento no Jap\u00e3o<\/h5>\t\t\t\t<\/div>\n\t\t\t\t<\/div>\n\t\t\t\t<\/div>\n\t\t\t\t<\/div>\n\t\t<div class=\"elementor-element elementor-element-374066e e-con-full e-flex e-con e-child\" data-id=\"374066e\" data-element_type=\"container\">\n\t\t<div class=\"elementor-element elementor-element-20662c4 e-con-full e-flex e-con e-child\" data-id=\"20662c4\" data-element_type=\"container\">\n\t\t\t\t<div class=\"elementor-element elementor-element-aa30c57 elementor-widget elementor-widget-text-editor\" data-id=\"aa30c57\" data-element_type=\"widget\" data-widget_type=\"text-editor.default\">\n\t\t\t\t<div class=\"elementor-widget-container\">\n\t\t\t\t\t\t\t\t\tSe preferir, voc\u00ea pode fazer este procedimento por telefone, ligando para nossa CentralSolBrasil de atendimento no Jap\u00e3o. Ali\u00e1s, n\u00f3s recomendamos isso!\t\t\t\t\t\t\t\t<\/div>\n\t\t\t\t<\/div>\n\t\t\t\t<\/div>\n\t\t\t\t<\/div>\n\t\t\t\t<\/div>\n\t\t\t\t<\/div>\n\t\t\t\t<\/div>\n\t\t\t\t<\/div>\n\t\t\t\t\t<\/div>\n\t\t\t\t<\/div>\n\t\t\t\t<\/div>\n\t\t","protected":false},"excerpt":{"rendered":"<p>Some things you should know so we can serve you better Algumas coisas que voc\u00ea deve saber para que possamos at [&hellip;]<\/p>\n","protected":false},"author":1,"featured_media":0,"parent":0,"menu_order":0,"comment_status":"closed","ping_status":"closed","template":"","meta":{"footnotes":""},"class_list":["post-101","page","type-page","status-publish","hentry"],"_links":{"self":[{"href":"https:\/\/solbrasil.co.jp\/index.php?rest_route=\/wp\/v2\/pages\/101","targetHints":{"allow":["GET"]}}],"collection":[{"href":"https:\/\/solbrasil.co.jp\/index.php?rest_route=\/wp\/v2\/pages"}],"about":[{"href":"https:\/\/solbrasil.co.jp\/index.php?rest_route=\/wp\/v2\/types\/page"}],"author":[{"embeddable":true,"href":"https:\/\/solbrasil.co.jp\/index.php?rest_route=\/wp\/v2\/users\/1"}],"replies":[{"embeddable":true,"href":"https:\/\/solbrasil.co.jp\/index.php?rest_route=%2Fwp%2Fv2%2Fcomments&post=101"}],"version-history":[{"count":26,"href":"https:\/\/solbrasil.co.jp\/index.php?rest_route=\/wp\/v2\/pages\/101\/revisions"}],"predecessor-version":[{"id":388,"href":"https:\/\/solbrasil.co.jp\/index.php?rest_route=\/wp\/v2\/pages\/101\/revisions\/388"}],"wp:attachment":[{"href":"https:\/\/solbrasil.co.jp\/index.php?rest_route=%2Fwp%2Fv2%2Fmedia&parent=101"}],"curies":[{"name":"wp","href":"https:\/\/api.w.org\/{rel}","templated":true}]}}